{"id":758,"date":"2025-03-09T17:00:00","date_gmt":"2025-03-09T16:00:00","guid":{"rendered":"https:\/\/m-pet.de\/?page_id=758"},"modified":"2025-03-09T19:07:51","modified_gmt":"2025-03-09T18:07:51","slug":"bundeslaender-2","status":"publish","type":"page","link":"https:\/\/m-pet.de\/?page_id=758","title":{"rendered":"BE, HH, HE, MV"},"content":{"rendered":"\n<p><strong>Berlin (BE)<\/strong><\/p>\n\n\n\n<ul class=\"wp-block-list\">\n<li><a rel=\"noreferrer noopener\" href=\"http:\/\/gesetze.berlin.de\/jportal\/?quelle=jlink&amp;query=RettDG+BE&amp;psml=bsbeprod.psml&amp;max=true&amp;aiz=true\" target=\"_blank\">Rettungsdienstgesetz Berlin<\/a><\/li>\n\n\n\n<li><a rel=\"noreferrer noopener\" href=\"https:\/\/www.berliner-feuerwehr.de\/fileadmin\/bfw\/dokumente\/status-5\/G668_Orga-RD_Berlin__Stand_22.07.16_.pdf\" target=\"_blank\">Gutachten zur Versorgungsqualit\u00e4t und Organisation des Rettungsdienstes in Land Berlin<\/a><\/li>\n\n\n\n<li><a rel=\"noreferrer noopener\" href=\"https:\/\/www.berlin.de\/sen\/inneres\/sicherheit\/rettungsdienst\/\" target=\"_blank\">Rettungsdienstinfos des Berliner Senates<\/a> mit weiterf\u00fchrenden Links&nbsp;<\/li>\n\n\n\n<li><a aria-label=\"Abgordnetenhaus Berlin (opens in a new tab)\" rel=\"noreferrer noopener\" href=\"https:\/\/www.parlament-berlin.de\/de\/Startseite\" target=\"_blank\">Abgeordnetenhaus Berlin<\/a> &#8211; <a aria-label=\"Drucksachen (opens in a new tab)\" rel=\"noreferrer noopener\" href=\"https:\/\/www.parlament-berlin.de\/de\/Dokumente\/Drucksachen\" target=\"_blank\">Drucksachen<\/a><\/li>\n\n\n\n<li><a rel=\"noreferrer noopener\" aria-label=\"Allgemeines Sicherheits- und Ordnungsgesetz (ASOG Bln) (\u00f6ffnet in neuem Tab)\" href=\"http:\/\/gesetze.berlin.de\/jportal\/?quelle=jlink&amp;query=ASOG+BE&amp;psml=bsbeprod.psml&amp;max=true&amp;aiz=true\" target=\"_blank\">Allgemeines Sicherheits- und Ordnungsgesetz (ASOG Bln)<\/a><\/li>\n<\/ul>\n\n\n<div class=\"wp-block-image\">\n<figure class=\"aligncenter\"><img loading=\"lazy\" decoding=\"async\" width=\"300\" height=\"225\" src=\"https:\/\/m-pet.de\/wp-content\/uploads\/2018\/10\/IMG_2757-e1539519348779-300x225.jpg\" alt=\"\" class=\"wp-image-791\" srcset=\"https:\/\/m-pet.de\/wp-content\/uploads\/2018\/10\/IMG_2757-e1539519348779-300x225.jpg 300w, https:\/\/m-pet.de\/wp-content\/uploads\/2018\/10\/IMG_2757-e1539519348779-768x576.jpg 768w, https:\/\/m-pet.de\/wp-content\/uploads\/2018\/10\/IMG_2757-e1539519348779-1024x768.jpg 1024w, https:\/\/m-pet.de\/wp-content\/uploads\/2018\/10\/IMG_2757-e1539519348779-624x468.jpg 624w\" sizes=\"auto, (max-width: 300px) 100vw, 300px\" \/><figcaption class=\"wp-element-caption\">RTH am Landeplatz<\/figcaption><\/figure>\n<\/div>\n\n\n<p><strong>Hamburg (HH)<\/strong><\/p>\n\n\n\n<ul class=\"wp-block-list\">\n<li><a href=\"https:\/\/www.hamburg.de\/feuerwehr\/\" target=\"_blank\" rel=\"noreferrer noopener\">Rettungsdienst auf Hamburg.de<\/a><\/li>\n\n\n\n<li><a href=\"https:\/\/www.landesrecht-hamburg.de\/bsha\/document\/jlr-RettDGHA2019rahmen\/part\/X\" data-type=\"link\" data-id=\"https:\/\/www.landesrecht-hamburg.de\/bsha\/document\/jlr-RettDGHA2019rahmen\/part\/X\" target=\"_blank\" rel=\"noreferrer noopener\">Hamburgischen Rettungsdienstgesetz<\/a><\/li>\n\n\n\n<li><a rel=\"noopener noreferrer\" href=\"https:\/\/www.hamburg.de\/feuerwehr\/\" target=\"_blank\">Feuerwehr Hamburg<\/a><\/li>\n\n\n\n<li><a aria-label=\"Hamburger B\u00fcrgerschaft (opens in a new tab)\" rel=\"noreferrer noopener\" href=\"https:\/\/www.hamburgische-buergerschaft.de\/\" target=\"_blank\">Hamburger B\u00fcrgerschaft<\/a>&nbsp;&#8211;&nbsp;<a aria-label=\"Drucksachen (opens in a new tab)\" rel=\"noreferrer noopener\" href=\"https:\/\/www.buergerschaft-hh.de\/parldok\/\" target=\"_blank\">Drucksachen<\/a><\/li>\n\n\n\n<li><a rel=\"noreferrer noopener\" aria-label=\"Gesetz zum Schutz der \u00f6ffentlichen Sicherheit und Ordnung&nbsp;(SOG)&nbsp; (\u00f6ffnet in neuem Tab)\" href=\"http:\/\/www.landesrecht-hamburg.de\/jportal\/portal\/page\/bshaprod.psml?showdoccase=1&amp;st=lr&amp;doc.id=jlr-SOGHArahmen&amp;doc.part=X&amp;doc.origin=bs\" target=\"_blank\">Gesetz zum Schutz der \u00f6ffentlichen Sicherheit und Ordnung&nbsp;(SOG)<\/a>&nbsp;<\/li>\n\n\n\n<li><a href=\"https:\/\/www.landesrecht-hamburg.de\/bsha\/document\/jlr-KatSchGHArahmen\/part\/X\" data-type=\"link\" data-id=\"https:\/\/www.landesrecht-hamburg.de\/bsha\/document\/jlr-KatSchGHArahmen\/part\/X\" target=\"_blank\" rel=\"noreferrer noopener\">Hamburgisches Katastrophenschutzgesetz&nbsp;(HmbKatSG)<\/a><\/li>\n\n\n\n<li><a href=\"https:\/\/www.landesrecht-hamburg.de\/bsha\/document\/jlr-GesDGHArahmen\/part\/X\" target=\"_blank\" rel=\"noreferrer noopener\">Gesetz&nbsp;\u00fcber den \u00d6ffentlichen Gesundheitsdienst in Hamburg&nbsp;(Hamburgisches Gesundheitsdienstgesetz &#8211; HmbGDG)&nbsp;<\/a><\/li>\n\n\n\n<li><a href=\"https:\/\/www.landesrecht-hamburg.de\/bsha\/document\/jlr-KHGHArahmen\/part\/X\" data-type=\"link\" data-id=\"https:\/\/www.landesrecht-hamburg.de\/bsha\/document\/jlr-KHGHArahmen\/part\/X\" target=\"_blank\" rel=\"noreferrer noopener\">Hamburgisches Krankenhausgesetz (HmbKHG)<\/a>&nbsp;<\/li>\n<\/ul>\n\n\n\n<p><strong>Hessen (HE)<\/strong><\/p>\n\n\n\n<ul class=\"wp-block-list\">\n<li><a href=\"https:\/\/www.rv.hessenrecht.hessen.de\/bshe\/document\/jlr-RettDGHE2010rahmen\" target=\"_blank\" rel=\"noreferrer noopener\">Hessisches Rettungsdienstgesetz (HRDG)<\/a><\/li>\n\n\n\n<li><a label=\"Hessischer Rettungsdienstplan 2016 (opens in a new tab)\" rel=\"noreferrer noopener\" href=\"https:\/\/soziales.hessen.de\/Gesundheit\/Rettungsdienst\/Rechtliche-Grundlagen\" target=\"_blank\">Hessischer Rettungsdienstplan Anforderung <\/a><\/li>\n\n\n\n<li><a rel=\"noreferrer noopener\" aria-label=\" (\u00f6ffnet in neuem Tab)\" href=\"https:\/\/www.rv.hessenrecht.hessen.de\/bshe\/document\/jlr-RettDGVHErahmen\" target=\"_blank\">Verordnung zur Durchf\u00fchrung des Hessischen Rettungsdienstgesetz (HRDG-DV)<\/a><\/li>\n\n\n\n<li><a rel=\"noopener noreferrer\" href=\"https:\/\/www.rv.hessenrecht.hessen.de\/lexsoft\/default\/hessenrecht_rv.html#lawid:7381585,1\" target=\"_blank\">Krankentransport- und Rettungsdienst hier: Grundausbildungsprogramm f\u00fcr in Hessen im Krankentransport- und Rettungsdienst t\u00e4tige Sanit\u00e4ter (22.08.1972)<\/a><\/li>\n\n\n\n<li><a rel=\"noreferrer noopener\" aria-label=\"Verordnung zur Bestimmung der f\u00fcr die Durchf\u00fchrung der Luftrettung zust\u00e4ndigen Landesbeh\u00f6rde nach dem Hessischen Rettungsdienstgesetz (Zust\u00e4ndigkeitsverordnung- Luftrettung) (\u00f6ffnet in neuem Tab)\" href=\"https:\/\/www.rv.hessenrecht.hessen.de\/bshe\/document\/aiz-jlr-RettDGLuftRDAnOHErahmen%4020130627\" target=\"_blank\">Verordnung zur Bestimmung der f\u00fcr die Durchf\u00fchrung der Luftrettung zust\u00e4ndigen Landesbeh\u00f6rde nach dem Hessischen Rettungsdienstgesetz (Zust\u00e4ndigkeitsverordnung- Luftrettung)<\/a><\/li>\n\n\n\n<li><a rel=\"noopener noreferrer\" href=\"https:\/\/www.rv.hessenrecht.hessen.de\/lexsoft\/default\/hessenrecht_rv.html#lawid:7381588,1\" target=\"_blank\">Grundausbildungsprogramm f\u00fcr in Hessen im Krankentransport- und Rettungsdienst t\u00e4tige Sanit\u00e4ter hier: Pr\u00fcfungsordnung f\u00fcr die Abschlusspr\u00fcfung als Transportsanit\u00e4ter<\/a><\/li>\n\n\n\n<li><a rel=\"noopener noreferrer\" href=\"https:\/\/www.rv.hessenrecht.hessen.de\/lexsoft\/default\/hessenrecht_rv.html#lawid:4769463,1\" target=\"_blank\">Hessische Verordnung zur Erteilung einer Fahrberechtigung an ehrenamtlich t\u00e4tige Angeh\u00f6rige der Freiwilligen Feuerwehren, der anerkannten Rettungsdienste, des Technischen Hilfswerks und der sonstigen Einheiten des Katastrophenschutzes (Hessische Fahrberechtigungsverordnung &#8211; HFbV)<\/a><\/li>\n\n\n\n<li><a rel=\"noopener noreferrer\" href=\"https:\/\/www.rv.hessenrecht.hessen.de\/lexsoft\/default\/hessenrecht_rv.html#lawid:7853892,1\" target=\"_blank\">Gemeinsamer Runderlass des Hessischen Ministeriums des Innern und f\u00fcr Sport (HMdIS) und des Hessischen Ministeriums f\u00fcr Soziales und Integration (HMSI) zur Abstimmung von Einsatz- und Eigensicherungsma\u00dfnahmen zwischen Polizei,&nbsp;Rettungsdienst, Feuerwehr, Katastrophenschutz und Hilfsorganisationen bei lebensbedrohlichen Einsatzlagen im Zusammenhang mit bewaffneten Gewaltt\u00e4tern<\/a><\/li>\n\n\n\n<li><a aria-label=\"Hessischer Landtag (opens in a new tab)\" rel=\"noreferrer noopener\" href=\"https:\/\/hessischer-landtag.de\/\" target=\"_blank\">Hessischer Landtag<\/a> &#8211; <a aria-label=\"Drucksachen (opens in a new tab)\" rel=\"noreferrer noopener\" href=\"http:\/\/starweb.hessen.de\/starweb\/LIS\/Pd_Eingang.htm\" target=\"_blank\">Drucksachen<\/a><\/li>\n\n\n\n<li><a rel=\"noreferrer noopener\" href=\"https:\/\/soziales.hessen.de\/sites\/soziales.hessen.de\/files\/2021-12\/einsatzplanung_fuer_den_sanitaetsdienst_bei_grossveranstaltungen.pdf\" target=\"_blank\">Empfehlungen: Sanit\u00e4tsdienst bei Grossveranstaltungen (PDF \/ 86 KB)<\/a>&nbsp;<\/li>\n\n\n\n<li><a href=\"https:\/\/www.rv.hessenrecht.hessen.de\/bshe\/document\/jlr-SOGHEV14IVZ\">Hessisches Gesetz \u00fcber die \u00f6ffentliche Sicherheit und Ordnung&nbsp;(HSOG)<\/a>&nbsp;<\/li>\n\n\n\n<li><a rel=\"noreferrer noopener\" aria-label=\"Hessisches Krankenhausgesetz 2011 (HKHG 2011) (\u00f6ffnet in neuem Tab)\" href=\"https:\/\/www.rv.hessenrecht.hessen.de\/bshe\/document\/jlr-KHGHE2011V8P9\" target=\"_blank\">Hessisches Krankenhausgesetz 2011 (HKHG 2011)<\/a><\/li>\n\n\n\n<li><a rel=\"noreferrer noopener\" aria-label=\"Hessisches Gesetz \u00fcber Hilfen bei psychischen Krankheiten&nbsp;(Psychisch-Kranken-Hilfe-Gesetz - PsychKHG)&nbsp; (\u00f6ffnet in neuem Tab)\" href=\"https:\/\/www.rv.hessenrecht.hessen.de\/bshe\/document\/jlr-PsychKGHErahmen\" target=\"_blank\">Hessisches Gesetz \u00fcber Hilfen bei psychischen Krankheiten&nbsp;(Psychisch-Kranken-Hilfe-Gesetz &#8211; PsychKHG)&nbsp;<\/a><\/li>\n<\/ul>\n\n\n\n<p><strong>Mecklenburg-Vorpommern (MV)<\/strong><\/p>\n\n\n\n<ul class=\"wp-block-list\">\n<li><a href=\"https:\/\/www.landesrecht-mv.de\/bsmv\/document\/jlr-RettDGMV2015rahmen\/part\/X\" data-type=\"link\" data-id=\"https:\/\/www.landesrecht-mv.de\/bsmv\/document\/jlr-RettDGMV2015rahmen\/part\/X\" target=\"_blank\" rel=\"noreferrer noopener\">Rettungsdienstgesetz (RDG M-V)\u00a0<\/a><\/li>\n\n\n\n<li><a href=\"https:\/\/www.regierung-mv.de\/serviceassistent\/download?id=1593604\" target=\"_blank\" rel=\"noreferrer noopener\">Rettungsdienstplanverordnung M-V (PDF, 1.42 MB)<\/a><\/li>\n\n\n\n<li><\/li>\n\n\n\n<li>Auf den Seiten des <a rel=\"noreferrer noopener\" href=\"http:\/\/www.lagus.mv-regierung.de\/LPH\/Gesundheitsfachberufe\/\" target=\"_blank\">Landesamtes f\u00fcr Gesundheit und Soziales<\/a> des Landes Mecklenburg-Vorpommern sind diverse Unterlagen f\u00fcr die Anerkennung von Lehrrettungswachen und Erteilung der Erlaubnis zum F\u00fchren der Berufsbezeichnung hinterlegt.&nbsp;<\/li>\n\n\n\n<li><a aria-label=\"Mecklenburg Vorpommern Landtag (opens in a new tab)\" rel=\"noreferrer noopener\" href=\"https:\/\/www.landtag-mv.de\/aktuelles.html\" target=\"_blank\">Mecklenburg Vorpommern Landtag<\/a>  &#8211; <a aria-label=\"Drucksachen (opens in a new tab)\" rel=\"noreferrer noopener\" href=\"http:\/\/www.dokumentation.landtag-mv.de\/parldok\/schlagworte\" target=\"_blank\">Drucksachen<\/a><\/li>\n\n\n\n<li><a href=\"https:\/\/www.landesrecht-mv.de\/bsmv\/document\/jlr-Brand_TechHLGMV2015V4P4a\/part\/X\" target=\"_blank\" rel=\"noreferrer noopener\">Gesetz \u00fcber den Brandschutz und die Technischen Hilfeleistungen\u00a0durch die Feuerwehren f\u00fcr Mecklenburg-Vorpommern\u00a0(Brandschutz- und Hilfeleistungsgesetz M-V &#8211; BrSchG)<\/a>\u00a0<\/li>\n\n\n\n<li><a href=\"https:\/\/www.landesrecht-mv.de\/bsmv\/document\/jlr-BestattGMVV2P4\/part\/X\" target=\"_blank\" rel=\"noreferrer noopener\">Gesetz \u00fcber das Leichen-, Bestattungs- und Friedhofswesen\u00a0im Land Mecklenburg-Vorpommern\u00a0<\/a><\/li>\n\n\n\n<li><a href=\"https:\/\/www.landesrecht-mv.de\/bsmv\/document\/jlr-HeilBerGMVV1P79\/part\/X\" target=\"_blank\" rel=\"noreferrer noopener\">Heilberufsgesetz (HeilBerG)\u00a0<\/a><\/li>\n\n\n\n<li><a href=\"https:\/\/www.landesrecht-mv.de\/bsmv\/document\/jlr-KatSchGMV2016V1P3\/part\/X\" target=\"_blank\" rel=\"noreferrer noopener\">Gesetz \u00fcber den Katastrophenschutz in Mecklenburg-Vorpommern (Landeskatastrophenschutzgesetz &#8211; LKatSG M-V)\u00a0<\/a><\/li>\n\n\n\n<li><a href=\"https:\/\/www.landesrecht-mv.de\/bsmv\/document\/jlr-POGMV2011rahmen\/part\/X\" target=\"_blank\" rel=\"noreferrer noopener\">Gesetz zur Organisation der Landespolizei in Mecklenburg-Vorpommern\u00a0(Polizeiorganisationsgesetz &#8211; POG M-V)<\/a>\u00a0<\/li>\n\n\n\n<li><a href=\"https:\/\/www.landesrecht-mv.de\/bsmv\/document\/jlr-PsychKGMV2016V3P47\/part\/X\" target=\"_blank\" rel=\"noreferrer noopener\">Gesetz \u00fcber Hilfen und Schutzma\u00dfnahmen f\u00fcr Menschen mit psychischen Krankheiten\u00a0(Psychischkrankengesetz- PsychKG M-V)<\/a>\u00a0<\/li>\n\n\n\n<li><a href=\"https:\/\/www.landesrecht-mv.de\/bsmv\/document\/jlr-SOGMV2020V4P4\/part\/X\" target=\"_blank\" rel=\"noreferrer noopener\">Gesetz \u00fcber die \u00f6ffentliche Sicherheit und Ordnung in Mecklenburg-Vorpommern\u00a0(Sicherheits- und Ordnungsgesetz &#8211; SOG M-V)<\/a>\u00a0<\/li>\n<\/ul>\n\n\n\n<p><\/p>\n","protected":false},"excerpt":{"rendered":"<p>Berlin (BE) Hamburg (HH) Hessen (HE) Mecklenburg-Vorpommern (MV)<\/p>\n","protected":false},"author":1,"featured_media":0,"parent":0,"menu_order":3,"comment_status":"closed","ping_status":"closed","template":"","meta":{"footnotes":""},"class_list":["post-758","page","type-page","status-publish","hentry"],"_links":{"self":[{"href":"https:\/\/m-pet.de\/index.php?rest_route=\/wp\/v2\/pages\/758","targetHints":{"allow":["GET"]}}],"collection":[{"href":"https:\/\/m-pet.de\/index.php?rest_route=\/wp\/v2\/pages"}],"about":[{"href":"https:\/\/m-pet.de\/index.php?rest_route=\/wp\/v2\/types\/page"}],"author":[{"embeddable":true,"href":"https:\/\/m-pet.de\/index.php?rest_route=\/wp\/v2\/users\/1"}],"replies":[{"embeddable":true,"href":"https:\/\/m-pet.de\/index.php?rest_route=%2Fwp%2Fv2%2Fcomments&post=758"}],"version-history":[{"count":0,"href":"https:\/\/m-pet.de\/index.php?rest_route=\/wp\/v2\/pages\/758\/revisions"}],"wp:attachment":[{"href":"https:\/\/m-pet.de\/index.php?rest_route=%2Fwp%2Fv2%2Fmedia&parent=758"}],"curies":[{"name":"wp","href":"https:\/\/api.w.org\/{rel}","templated":true}]}}