{"id":72,"date":"2026-04-14T21:00:00","date_gmt":"2026-04-14T19:00:00","guid":{"rendered":"http:\/\/m-pet.de\/?page_id=72"},"modified":"2026-04-15T07:05:45","modified_gmt":"2026-04-15T05:05:45","slug":"vita","status":"publish","type":"page","link":"https:\/\/m-pet.de\/?page_id=72","title":{"rendered":"Vita"},"content":{"rendered":"\n<p>Ich bin Gesch\u00e4ftsf\u00fchrer einer kommunalen Rettungsdienstgesellschaft, Notfallsanit\u00e4ter, Praxisanleiter und Lehrbeauftragter. Meine fachlichen Schwerpunkte liegen in der Organisation, Weiterentwicklung und rechtlichen Einordnung des Rettungsdienstes.<\/p>\n\n\n\n<p>Meine berufliche Laufbahn begann in einer Steuerberatungsgesellschaft, in der ich von 1990 bis 1996 t\u00e4tig war. Parallel engagierte ich mich seit 1987 ehrenamtlich im Rettungsdienst und im Katastrophenschutz beim DRK-Kreisverband Nienburg. Im Jahr 1996 wechselte ich in den hauptamtlichen Rettungsdienst.<\/p>\n\n\n\n<p>Nach den Qualifikationen zum Rettungssanit\u00e4ter im Jahr 1994 und zum Rettungsassistenten im Jahr 2000 wurde mir 2015 die Erlaubnis zum F\u00fchren der Berufsbezeichnung Notfallsanit\u00e4ter erteilt. Von 2000 bis 2004 studierte ich Betriebswirtschaft im Diplom-Studiengang an der Fachhochschule Bielefeld mit dem Schwerpunkt Wirtschaftsrecht.<\/p>\n\n\n\n<p>Von 2020 bis 2022 absolvierte ich den Studiengang \u201eWirtschaftsrecht in der Unternehmenspraxis\u201c an der Universit\u00e4t des Saarlandes in Kooperation mit der Rheinland-Pf\u00e4lzischen Technischen Universit\u00e4t Kaiserslautern-Landau. Im Februar 2023 wurde mir der akademische Grad Master of Laws (LL.M.) verliehen.<\/p>\n\n\n\n<p>Seit Oktober 2003 bin ich Gesch\u00e4ftsf\u00fchrer der Rettungsdienst Ammerland GmbH. Dar\u00fcber hinaus bin ich seit 2015 in der Aus- und Weiterbildung im Rettungswesen als Praxisanleiter sowie als freiberuflicher Dozent und Pr\u00fcfer t\u00e4tig. Seit 2024 bin ich zudem Lehrbeauftragter an der FOM Hochschule f\u00fcr Oekonomie &amp; Management im Studiengang \u201eManagement in der Gefahrenabwehr\u201c.<\/p>\n\n\n\n<p>Mein berufliches Profil wird durch weitere Qualifikationen erg\u00e4nzt, unter anderem als Organisatorischer Leiter Rettungsdienst, Qualit\u00e4tsbeauftragter Rettungsdienst, Zugf\u00fchrer Katastrophenschutz, Lehrrettungsassistent, Medizinprodukteberater und DRK-Ausbilder.<\/p>\n","protected":false},"excerpt":{"rendered":"<p>Ich bin Gesch\u00e4ftsf\u00fchrer einer kommunalen Rettungsdienstgesellschaft, Notfallsanit\u00e4ter, Praxisanleiter und Lehrbeauftragter. Meine fachlichen Schwerpunkte liegen in der Organisation, Weiterentwicklung und rechtlichen Einordnung des Rettungsdienstes. Meine berufliche Laufbahn begann in einer Steuerberatungsgesellschaft, in der ich von 1990 bis 1996 t\u00e4tig war. Parallel engagierte ich mich seit 1987 ehrenamtlich im Rettungsdienst und im Katastrophenschutz beim DRK-Kreisverband Nienburg. Im<\/p><\/div>\n<div class=\"blog-btn\"><a href=\"https:\/\/m-pet.de\/?page_id=72\" class=\"home-blog-btn\">Weiterlesen<\/a><\/p>\n","protected":false},"author":1,"featured_media":0,"parent":0,"menu_order":35,"comment_status":"closed","ping_status":"closed","template":"","meta":{"footnotes":""},"class_list":["post-72","page","type-page","status-publish","hentry"],"_links":{"self":[{"href":"https:\/\/m-pet.de\/index.php?rest_route=\/wp\/v2\/pages\/72","targetHints":{"allow":["GET"]}}],"collection":[{"href":"https:\/\/m-pet.de\/index.php?rest_route=\/wp\/v2\/pages"}],"about":[{"href":"https:\/\/m-pet.de\/index.php?rest_route=\/wp\/v2\/types\/page"}],"author":[{"embeddable":true,"href":"https:\/\/m-pet.de\/index.php?rest_route=\/wp\/v2\/users\/1"}],"replies":[{"embeddable":true,"href":"https:\/\/m-pet.de\/index.php?rest_route=%2Fwp%2Fv2%2Fcomments&post=72"}],"version-history":[{"count":0,"href":"https:\/\/m-pet.de\/index.php?rest_route=\/wp\/v2\/pages\/72\/revisions"}],"wp:attachment":[{"href":"https:\/\/m-pet.de\/index.php?rest_route=%2Fwp%2Fv2%2Fmedia&parent=72"}],"curies":[{"name":"wp","href":"https:\/\/api.w.org\/{rel}","templated":true}]}}