{"id":603,"date":"2025-03-09T17:00:00","date_gmt":"2025-03-09T16:00:00","guid":{"rendered":"http:\/\/m-pet.de\/?page_id=603"},"modified":"2025-11-23T11:28:20","modified_gmt":"2025-11-23T10:28:20","slug":"veroeffentlichungen","status":"publish","type":"page","link":"https:\/\/m-pet.de\/?page_id=603","title":{"rendered":"Ver\u00f6ffentlichungen"},"content":{"rendered":"\n<p>Geoerg, P., Peter, M., Wessels, L., K\u00f6stler, T., Wartner, C., Tramp, S. (2025). Globale Netzwerke und ihre lokale Verwundbarkeit: Lieferkettenkomplexit\u00e4t und Resilienz in der pr\u00e4klinischen Notfallversorgung. In: Hoppe, T., Fricke, R. (eds) Resiliente krisenrelevante Versorgungsnetze. Springer Vieweg, Wiesbaden. <a href=\"https:\/\/doi.org\/10.1007\/978-3-658-48639-6_4\" target=\"_blank\" rel=\"noreferrer noopener\">https:\/\/doi.org\/10.1007\/978-3-658-48639-6_4<\/a><\/p>\n\n\n\n<p>Seeger, I., Klausen, A., Thate, S., Flake, F., Peters, O., Rempe, W., Peter, M., Scheinichen, F., G\u00fcnther, U., R\u00f6hrig, R. &amp; Weyland, A. (2020). Gemeindenotfallsanit\u00e4ter als innovatives Einsatzmittel in der Notfallversorgung \u2013 erste Ergebnisse einer Beobachtungsstudie.&nbsp;<em>Notfall + Rettungsmedizin,&nbsp;24<\/em>&nbsp;(3), 194-202.&nbsp;<a href=\"https:\/\/doi.org\/10.1007\/s10049-020-00715-6\">https:\/\/doi.org\/10.1007\/s10049-020-00715-6<\/a>.<\/p>\n\n\n\n<p>Peter, M. (2020). Bew\u00e4hrte Strukturen nicht zerschlagen! Zur Reform der Notfallversorgung.&nbsp;<em>Der Landkreis &#8211; Zeitschrift f\u00fcr Kommunale Selbstverwaltung<\/em>,&nbsp;<em>91<\/em> (01), 41.<\/p>\n\n\n\n<p>Flake, F., Scheinichen, F., Peters, O., J\u00fctte, S., Hemmelgarn, M., Rempe, W., Peter, M. &amp; Thate, S. (2019). Das Projekt Gemeinde-Notfallsanit\u00e4ter: erste Ergebnisse.&nbsp;<em>Rettungsdienst,&nbsp;42&nbsp;<\/em>(10), 934\u2013937.<\/p>\n\n\n\n<p>Peter, M. (2018). Dynamische Einsatzplanung \u2013 Big Data im Rettungsdienst In: Neumayr, A., Baubin, M., Schinnerl, A. (eds) <em>Herausforderung Notfallmedizin<\/em>. Springer, Berlin, Heidelberg.&nbsp;<a href=\"https:\/\/doi.org\/10.1007\/978-3-662-56627-5_13\" target=\"_blank\" rel=\"noreferrer noopener\">https:\/\/doi.org\/10.1007\/978-3-662-56627-5_13<\/a>.<\/p>\n\n\n\n<p>Flake, F. et al (2018). Der Gemeindenotfallsanit\u00e4ter (G-NFS) \u2013 Effizienzsteigerung und Kostenreduktion?In: Neumayr, A., Baubin, M., Schinnerl, A. (eds) <em>Herausforderung Notfallmedizin<\/em>. Springer, Berlin, Heidelberg.&nbsp;<a href=\"https:\/\/doi.org\/10.1007\/978-3-662-56627-5_12\" target=\"_blank\" rel=\"noreferrer noopener\">https:\/\/doi.org\/10.1007\/978-3-662-56627-5_12<\/a>.<\/p>\n\n\n\n<p>Flake, F., Schmitt, L., Oltmanns, W., Peter, M., Thate, S., Scheinichen, F., Peters, O., Leenderts, F. &amp; J\u00fctte, S. (2018). Der Gemeinde-Notfallsanit\u00e4ter: ein neues Rettungsmittel f\u00fcr die Leitstelle.&nbsp;<em>BOS-Leitstelle<\/em>,&nbsp;<em>8&nbsp;<\/em>(4), 190\u2013194.<\/p>\n\n\n\n<p>Flake, F., Schmitt, L., Oltmanns, W., Peter, M., Thate, S., Scheinichen, F. &amp; Peters, O. (2018). Das Konzept Gemeindenotfallsanit\u00e4ter\/in. <em>Notfall + Rettungsmedizin<\/em>, 21(5), 395\u2013401. <a href=\"https:\/\/doi.org\/10.1007\/s10049-018-0426-7\" target=\"_blank\" rel=\"noreferrer noopener\">https:\/\/doi.org\/10.1007\/s10049-018-0426-7.<\/a><\/p>\n\n\n\n<p>Peter, M. (2015). \u2022 Einsatzbericht \u201eExtrem\u201c \u2013 Zehntausende junge Menschen feiern im Ammerland.&nbsp;<em>Im Einsatz<\/em>,&nbsp;<em>22&nbsp;<\/em>(07), 282\u2013286.<\/p>\n\n\n\n<p><\/p>\n","protected":false},"excerpt":{"rendered":"<p>Geoerg, P., Peter, M., Wessels, L., K\u00f6stler, T., Wartner, C., Tramp, S. (2025). Globale Netzwerke und ihre lokale Verwundbarkeit: Lieferkettenkomplexit\u00e4t und Resilienz in der pr\u00e4klinischen Notfallversorgung. In: Hoppe, T., Fricke, R. (eds) Resiliente krisenrelevante Versorgungsnetze. Springer Vieweg, Wiesbaden. https:\/\/doi.org\/10.1007\/978-3-658-48639-6_4 Seeger, I., Klausen, A., Thate, S., Flake, F., Peters, O., Rempe, W., Peter, M., Scheinichen, F.,<\/p><\/div>\n<div class=\"blog-btn\"><a href=\"https:\/\/m-pet.de\/?page_id=603\" class=\"home-blog-btn\">Weiterlesen<\/a><\/p>\n","protected":false},"author":1,"featured_media":0,"parent":0,"menu_order":31,"comment_status":"closed","ping_status":"closed","template":"","meta":{"footnotes":""},"class_list":["post-603","page","type-page","status-publish","hentry"],"_links":{"self":[{"href":"https:\/\/m-pet.de\/index.php?rest_route=\/wp\/v2\/pages\/603","targetHints":{"allow":["GET"]}}],"collection":[{"href":"https:\/\/m-pet.de\/index.php?rest_route=\/wp\/v2\/pages"}],"about":[{"href":"https:\/\/m-pet.de\/index.php?rest_route=\/wp\/v2\/types\/page"}],"author":[{"embeddable":true,"href":"https:\/\/m-pet.de\/index.php?rest_route=\/wp\/v2\/users\/1"}],"replies":[{"embeddable":true,"href":"https:\/\/m-pet.de\/index.php?rest_route=%2Fwp%2Fv2%2Fcomments&post=603"}],"version-history":[{"count":0,"href":"https:\/\/m-pet.de\/index.php?rest_route=\/wp\/v2\/pages\/603\/revisions"}],"wp:attachment":[{"href":"https:\/\/m-pet.de\/index.php?rest_route=%2Fwp%2Fv2%2Fmedia&parent=603"}],"curies":[{"name":"wp","href":"https:\/\/api.w.org\/{rel}","templated":true}]}}