{"id":452,"date":"2025-11-23T14:30:40","date_gmt":"2025-11-23T13:30:40","guid":{"rendered":"http:\/\/m-pet.de\/?page_id=452"},"modified":"2025-11-23T15:00:39","modified_gmt":"2025-11-23T14:00:39","slug":"gesetze-und-verordnungen","status":"publish","type":"page","link":"https:\/\/m-pet.de\/?page_id=452","title":{"rendered":"Gesetze und Verordnungen"},"content":{"rendered":"\n<p><strong>Landesgesetze, Verordnungen &amp; Informationen zum Rettungsdienst<\/strong><\/p>\n\n\n\n<ul class=\"wp-block-list\">\n<li><a href=\"https:\/\/voris.wolterskluwer-online.de\/browse\/document\/cite\/362f65c4-a59f-3f4d-8227-509c83306d30\" target=\"_blank\" rel=\"noreferrer noopener\">Nieders\u00e4chsisches Rettungsdienstgesetz&nbsp;(NRettDG)&nbsp;<\/a><\/li>\n\n\n\n<li><a href=\"https:\/\/voris.wolterskluwer-online.de\/browse\/document\/cite\/6a0ca70d-e055-38da-8bca-f32edc294f13\" target=\"_blank\" rel=\"noreferrer noopener\">Verordnung \u00fcber die Bemessung des Bedarfs&nbsp;an Einrichtungen des Rettungsdienstes&nbsp;(BedarfVO-RettD)<\/a><\/li>\n\n\n\n<li><a href=\"https:\/\/voris.wolterskluwer-online.de\/browse\/document\/cite\/535cdef6-da68-3e51-8cba-4c8fcebab024\" target=\"_blank\" rel=\"noreferrer noopener\">Nieders\u00e4chsisches Polizei- und Ordnungsbeh\u00f6rdengesetz (NPOG)<\/a>&nbsp;<\/li>\n\n\n\n<li><a href=\"https:\/\/voris.wolterskluwer-online.de\/browse\/document\/cite\/2fa82113-ff40-31e3-af30-3a16ae273ec2\" target=\"_blank\" rel=\"noreferrer noopener\">Nieders\u00e4chsisches Katastrophenschutzgesetz (NKatSG)<\/a><\/li>\n\n\n\n<li><a href=\"https:\/\/voris.wolterskluwer-online.de\/browse\/document\/cite\/9b6e960f-3bdc-391e-a9b6-fcca946586c2\" target=\"_blank\" rel=\"noreferrer noopener\">Nieders\u00e4chsisches Brandschutzgesetz (NBrandSchG)<\/a><\/li>\n\n\n\n<li><a href=\"https:\/\/voris.wolterskluwer-online.de\/browse\/document\/cite\/d4743e91-f123-35fd-8009-9b423d72c112\" target=\"_blank\" rel=\"noreferrer noopener\">Nieders\u00e4chsisches Gesetz \u00fcber Hilfen und Schutzma\u00dfnahmen f\u00fcr psychisch Kranke (NPsychKG)<\/a><\/li>\n\n\n\n<li><a rel=\"noopener noreferrer\" href=\"http:\/\/www.nds-voris.de\/jportal\/?quelle=jlink&amp;query=VVND-210900-MI-20150805-SF&amp;psml=bsvorisprod.psml&amp;max=true\" target=\"_blank\">Akustische Warneinrichtungen (Einsatzhorn) und Kennleuchten f\u00fcr blaues Blinklicht an Privatfahrzeugen von F\u00fchrungskr\u00e4ften der Feuerwehr und des Rettungsdienstes<\/a><\/li>\n\n\n\n<li><a rel=\"noopener noreferrer\" href=\"http:\/\/www.nds-voris.de\/jportal\/?quelle=jlink&amp;query=BefrWRettDV+ND&amp;psml=bsvorisprod.psml&amp;max=true&amp;aiz=true\" target=\"_blank\">Verordnung \u00fcber Befreiungen f\u00fcr Werksrettungsdienste (BefWRettDVO) vom 05.06.2008<\/a><\/li>\n\n\n\n<li><a rel=\"noopener noreferrer\" href=\"http:\/\/www.nds-voris.de\/jportal\/?quelle=jlink&amp;query=VVND-21100-MI-20150127-SF&amp;psml=bsvorisprod.psml&amp;max=true\" target=\"_blank\">Digitalfunk; Operativ-Taktische Adressen und Funkrufnamen f\u00fcr den Brand- und Katastrophenschutz sowie den Rettungsdienst<\/a> (&#8222;OPTA-Erlass&#8220;)<\/li>\n\n\n\n<li><a rel=\"noopener noreferrer\" href=\"http:\/\/www.nds-voris.de\/jportal\/?quelle=jlink&amp;docid=VVND-VVND000035117&amp;psml=bsvorisprod.psml&amp;max=true\" target=\"_blank\">Digitalfunk; Anlage 2: Fahrzeug-und Funktionskennungen<\/a><\/li>\n\n\n\n<li><a rel=\"noopener noreferrer\" href=\"http:\/\/www.nds-voris.de\/jportal\/?quelle=jlink&amp;docid=VVND-VVND000035118&amp;psml=bsvorisprod.psml&amp;max=true\" target=\"_blank\">Digitalfunk; Anlage 3: Abk\u00fcrzungen zur Verwendung in der OPTA<\/a><\/li>\n<\/ul>\n\n\n\n<p><strong>Landesgesetze, Verordnungen und Informationen rund um die Ausbildung zum Rettungssanit\u00e4ter bzw. Notfallsanit\u00e4ter<\/strong><\/p>\n\n\n\n<ul class=\"wp-block-list\">\n<li><a rel=\"noopener noreferrer\" href=\"http:\/\/www.nds-voris.de\/jportal\/?quelle=jlink&amp;query=RettSanAPV+ND&amp;psml=bsvorisprod.psml&amp;max=true&amp;aiz=true\" target=\"_blank\">Verordnung \u00fcber die Ausbildung und Pr\u00fcfung&nbsp;f\u00fcr Rettungssanit\u00e4terinnen und Rettungssanit\u00e4ter&nbsp;(APVO-RettSan)<\/a> <\/li>\n\n\n\n<li>Besetzung der Rettungsmittel mit Auszubildenden zur Notfallsanit\u00e4terin oder zum Notfallsanit\u00e4ter (wird in K\u00fcrze erneut ver\u00f6ffentlicht &#8211; Stand 08.07.22)<\/li>\n\n\n\n<li><a rel=\"noopener noreferrer\" href=\"http:\/\/www.nds-voris.de\/jportal\/?quelle=jlink&amp;query=GesSchulEinrAusbG+ND&amp;psml=bsvorisprod.psml&amp;max=true&amp;aiz=true\" target=\"_blank\">Nieders\u00e4chsisches Gesetz \u00fcber Schulen f\u00fcr Gesundheitsfachberufe und Einrichtungen f\u00fcr die praktische Ausbildung (NSchGesG vom 22.11.2016)<\/a><\/li>\n\n\n\n<li><a rel=\"noopener noreferrer\" href=\"http:\/\/www.nds-voris.de\/jportal\/?quelle=jlink&amp;query=GesSchulEinrAusbAV+ND&amp;psml=bsvorisprod.psml&amp;max=true&amp;aiz=true\" target=\"_blank\">Nieders\u00e4chsisches Verordnung \u00fcber Anforderungen an Schulen f\u00fcr Gesundheitsfachberufe und Einrichtungen f\u00fcr die praktische Ausbildung  (19.10.2017)<\/a><\/li>\n\n\n\n<li><a rel=\"noreferrer noopener\" href=\"https:\/\/www.nds-voris.de\/jportal\/?quelle=jlink&amp;query=VVND-210640-MK-20180730-SF&amp;psml=bsvorisprod.psml&amp;max=true\" target=\"_blank\">Erg\u00e4nzende Bestimmungen zur Nds. Verordnung \u00fcber Anforderungen an Schulen f\u00fcr Gesundheitsfachberufe und an Einrichtungen f\u00fcr die praktische Ausbildung sowie zur Praxisanleitung nach dem Altenpflegegesetz, dem Krankenpflegegesetz und dem Notfallsanit\u00e4tergesetz<\/a> (01.08.2018)<\/li>\n\n\n\n<li><a rel=\"noopener noreferrer\" href=\"https:\/\/www.mk.niedersachsen.de\/download\/112006\/MK_Ref42_Gesundheitsberufe_ausserhalb_des_NSchG.pdf\" target=\"_blank\">Adressliste der Schulen f\u00fcr Gesundheitsfachberufe in Niedersachsen<\/a><\/li>\n<\/ul>\n\n\n\n<p><strong>Bundesgesetze, Verordnungen und Informationen:<\/strong><\/p>\n\n\n\n<ul class=\"wp-block-list\">\n<li><a href=\"http:\/\/www.gesetze-im-internet.de\/notsang\/index.html\" target=\"_blank\" rel=\"noopener noreferrer\">Notfallsanit\u00e4tergesetz<\/a><\/li>\n\n\n\n<li><a href=\"http:\/\/www.gesetze-im-internet.de\/notsan-aprv\/index.html\" target=\"_blank\" rel=\"noopener noreferrer\">Ausbildung- und Pr\u00fcfungsverordnung f\u00fcr Notfallsanit\u00e4terinnen und Notfallsanit\u00e4ter<\/a><\/li>\n\n\n\n<li>Eine Zusammenstellung der Unterlagen f\u00fcr den Antrag auf die Verleihung der Berufsbezeichnung &#8222;Notfallsanit\u00e4terin&#8220; bzw. &#8222;Notfallsanit\u00e4ter&#8220; ist&nbsp;auf den Seiten des Nds. Ministeriums f\u00fcr Inneres und Sport zu finden. <a href=\"http:\/\/www.mi.niedersachsen.de\/themen\/innere_sicherheit\/rettungsdienste\/erteilung-der-berufserlaubnis-zur-rettungsassistentin-und-zum-rettungsassistenten-63151.html\" target=\"_blank\" rel=\"noopener noreferrer\">(Link)<\/a>.<\/li>\n\n\n\n<li>Auch auf den Seiten der Nds. Landesschulbeh\u00f6rde finden sich Informationen zum Beruf bzw. zur staatlichen Pr\u00fcfung des Notfallsanit\u00e4ters (<a href=\"https:\/\/www.landesschulbehoerde-niedersachsen.de\/themen\/berufe-im-gesundheitswesen\/gesundheitsfachberufe\/notfallsanitaeter\/notfallsanitaeter\" target=\"_blank\" rel=\"noopener noreferrer\">Link<\/a>). Materialien f\u00fcr die dreij\u00e4hrige Ausbildung zur Notfallsanit\u00e4terin und zum Notfallsanit\u00e4ter sind durch eine Kommission des Nds. Kultusministeriums erarbeitet worden und <a href=\"http:\/\/www.nibis.de\/nli1\/bbs\/archiv\/rahmenrichtlinien\/notfallsan.pdf\" target=\"_blank\" rel=\"noopener noreferrer\">hier<\/a> ver\u00f6ffentlicht.<\/li>\n<\/ul>\n","protected":false},"excerpt":{"rendered":"<p>Landesgesetze, Verordnungen &amp; Informationen zum Rettungsdienst Landesgesetze, Verordnungen und Informationen rund um die Ausbildung zum Rettungssanit\u00e4ter bzw. Notfallsanit\u00e4ter Bundesgesetze, Verordnungen und Informationen:<\/p>\n","protected":false},"author":1,"featured_media":0,"parent":442,"menu_order":3,"comment_status":"closed","ping_status":"closed","template":"","meta":{"footnotes":""},"class_list":["post-452","page","type-page","status-publish","hentry"],"_links":{"self":[{"href":"https:\/\/m-pet.de\/index.php?rest_route=\/wp\/v2\/pages\/452","targetHints":{"allow":["GET"]}}],"collection":[{"href":"https:\/\/m-pet.de\/index.php?rest_route=\/wp\/v2\/pages"}],"about":[{"href":"https:\/\/m-pet.de\/index.php?rest_route=\/wp\/v2\/types\/page"}],"author":[{"embeddable":true,"href":"https:\/\/m-pet.de\/index.php?rest_route=\/wp\/v2\/users\/1"}],"replies":[{"embeddable":true,"href":"https:\/\/m-pet.de\/index.php?rest_route=%2Fwp%2Fv2%2Fcomments&post=452"}],"version-history":[{"count":0,"href":"https:\/\/m-pet.de\/index.php?rest_route=\/wp\/v2\/pages\/452\/revisions"}],"up":[{"embeddable":true,"href":"https:\/\/m-pet.de\/index.php?rest_route=\/wp\/v2\/pages\/442"}],"wp:attachment":[{"href":"https:\/\/m-pet.de\/index.php?rest_route=%2Fwp%2Fv2%2Fmedia&parent=452"}],"curies":[{"name":"wp","href":"https:\/\/api.w.org\/{rel}","templated":true}]}}