{"id":446,"date":"2026-03-25T22:00:00","date_gmt":"2026-03-25T21:00:00","guid":{"rendered":"http:\/\/m-pet.de\/?page_id=446"},"modified":"2026-03-26T12:50:38","modified_gmt":"2026-03-26T11:50:38","slug":"katastrophenschutz","status":"publish","type":"page","link":"https:\/\/m-pet.de\/?page_id=446","title":{"rendered":"Katastrophenschutz"},"content":{"rendered":"<div class=\"wp-block-image\">\n<figure class=\"alignright\"><img loading=\"lazy\" decoding=\"async\" width=\"300\" height=\"225\" src=\"https:\/\/m-pet.de\/wp-content\/uploads\/2018\/10\/IMG_0210-300x225.jpg\" alt=\"\" class=\"wp-image-822\" srcset=\"https:\/\/m-pet.de\/wp-content\/uploads\/2018\/10\/IMG_0210-300x225.jpg 300w, https:\/\/m-pet.de\/wp-content\/uploads\/2018\/10\/IMG_0210-768x576.jpg 768w, https:\/\/m-pet.de\/wp-content\/uploads\/2018\/10\/IMG_0210-1024x768.jpg 1024w, https:\/\/m-pet.de\/wp-content\/uploads\/2018\/10\/IMG_0210-624x468.jpg 624w\" sizes=\"auto, (max-width: 300px) 100vw, 300px\" \/><figcaption class=\"wp-element-caption\">GW San<\/figcaption><\/figure>\n<\/div>\n\n\n<p>Auf den nachfolgenden Seiten sind die wesentlichen gesetzlichen und organisatorischen Grundlagen f\u00fcr den Katastrophenschutz des <a href=\"https:\/\/m-pet.de\/?page_id=1196\" data-type=\"page\" data-id=\"1196\">Bundes<\/a> und  in einer gesonderten \u00dcbersicht f\u00fcr <a href=\"https:\/\/m-pet.de\/?page_id=507\" data-type=\"page\" data-id=\"507\">Niedersachsen<\/a> dargestellt.\u00a0<\/p>\n","protected":false},"excerpt":{"rendered":"<p>Auf den nachfolgenden Seiten sind die wesentlichen gesetzlichen und organisatorischen Grundlagen f\u00fcr den Katastrophenschutz des Bundes und in einer gesonderten \u00dcbersicht f\u00fcr Niedersachsen dargestellt.\u00a0<\/p>\n","protected":false},"author":1,"featured_media":0,"parent":0,"menu_order":14,"comment_status":"closed","ping_status":"closed","template":"","meta":{"footnotes":""},"class_list":["post-446","page","type-page","status-publish","hentry"],"_links":{"self":[{"href":"https:\/\/m-pet.de\/index.php?rest_route=\/wp\/v2\/pages\/446","targetHints":{"allow":["GET"]}}],"collection":[{"href":"https:\/\/m-pet.de\/index.php?rest_route=\/wp\/v2\/pages"}],"about":[{"href":"https:\/\/m-pet.de\/index.php?rest_route=\/wp\/v2\/types\/page"}],"author":[{"embeddable":true,"href":"https:\/\/m-pet.de\/index.php?rest_route=\/wp\/v2\/users\/1"}],"replies":[{"embeddable":true,"href":"https:\/\/m-pet.de\/index.php?rest_route=%2Fwp%2Fv2%2Fcomments&post=446"}],"version-history":[{"count":0,"href":"https:\/\/m-pet.de\/index.php?rest_route=\/wp\/v2\/pages\/446\/revisions"}],"wp:attachment":[{"href":"https:\/\/m-pet.de\/index.php?rest_route=%2Fwp%2Fv2%2Fmedia&parent=446"}],"curies":[{"name":"wp","href":"https:\/\/api.w.org\/{rel}","templated":true}]}}