{"id":1823,"date":"2025-03-09T17:00:27","date_gmt":"2025-03-09T16:00:27","guid":{"rendered":"https:\/\/m-pet.de\/?page_id=1823"},"modified":"2025-03-09T19:05:38","modified_gmt":"2025-03-09T18:05:38","slug":"rettd-region-lueneburg","status":"publish","type":"page","link":"https:\/\/m-pet.de\/?page_id=1823","title":{"rendered":"RettD Region L\u00fcneburg"},"content":{"rendered":"\n<p>Hier sind die Beh\u00f6rden im Bereich <strong>L\u00fcneburg<\/strong> aufgelistet, die f\u00fcr den Rettungsdienst zust\u00e4ndig sind.&nbsp; <\/p>\n\n\n\n<p>Die Landkreise und kreisfreien St\u00e4dte sind f\u00fcr ihren Bereich als Tr\u00e4ger des Rettungsdienst gesetzlich verpflichtet, den Rettungsdienst sicherzustellen. Die Kommunen k\u00f6nnen Dritte mit der Durchf\u00fchrung beauftragen (z.B. Hilfsorganisationen, Private).<\/p>\n\n\n\n<ul class=\"wp-block-list\">\n<li><a aria-label=\"Landkreis Celle (opens in a new tab)\" href=\"https:\/\/www.landkreis-celle.de\" target=\"_blank\" rel=\"noreferrer noopener\">Landkreis Celle<\/a> &#8211; <a aria-label=\"Rettungsdienst (opens in a new tab)\" href=\"https:\/\/www.landkreis-celle.de\/kreisverwaltung\/ordnungsamt\/rettungsdienst.html\" target=\"_blank\" rel=\"noreferrer noopener\">Rettungsdienst<\/a> &#8211; <a href=\"https:\/\/www.landkreis-celle.de\/buergerinformationssystem\/yw010.asp\">Ratsinfo<\/a> <\/li>\n\n\n\n<li><a aria-label=\"Landkreis Cuxhaven (opens in a new tab)\" href=\"https:\/\/www.landkreis-cuxhaven.de\" target=\"_blank\" rel=\"noreferrer noopener\">Landkreis Cuxhaven<\/a> &#8211; <a aria-label=\"Rettungsdienst (opens in a new tab)\" href=\"https:\/\/rettungsdienst-lk-cux.de\" target=\"_blank\" rel=\"noreferrer noopener\">Rettungsdienst<\/a> &#8211; <a aria-label=\"Ratsinfo (opens in a new tab)\" href=\"https:\/\/cuxhaven.ratsinfomanagement.net\/recherche\" target=\"_blank\" rel=\"noreferrer noopener\">Ratsinfo<\/a> <\/li>\n\n\n\n<li><a aria-label=\"Landkreis Harburg (opens in a new tab)\" href=\"https:\/\/www.landkreis-harburg.de\" target=\"_blank\" rel=\"noreferrer noopener\">Landkreis Harburg<\/a> &#8211; <a aria-label=\"Rettungsdienst (opens in a new tab)\" href=\"https:\/\/www.landkreis-harburg.de\/buergerservice\/dienstleistungen\/krankentransport-durchfuehrung-1176-0.html\" target=\"_blank\" rel=\"noreferrer noopener\">Rettungsdienst<\/a> &#8211; <a href=\"https:\/\/allris.landkreis-harburg.de\/public\/tr010\">Ratsinfo<\/a> <\/li>\n\n\n\n<li><a aria-label=\"Landkreis L\u00fcchow-Dannenberg (opens in a new tab)\" href=\"https:\/\/www.luechow-dannenberg.de\/home.aspx\" target=\"_blank\" rel=\"noreferrer noopener\">Landkreis L\u00fcchow-Dannenberg<\/a> &#8211; Rettungsdienst &#8211; <a aria-label=\"Ratsinfo (opens in a new tab)\" href=\"https:\/\/ratsinfo.luechow-dannenberg.de\/buergerinfo\/suchen01.asp\" target=\"_blank\" rel=\"noreferrer noopener\">Ratsinfo<\/a> <span style=\"color: initial;\"> <\/span><\/li>\n\n\n\n<li><a aria-label=\"Landkreis L\u00fcneburg (opens in a new tab)\" href=\"https:\/\/www.landkreis-lueneburg.de\/Home-Landkreis-Lueneburg.aspx\" target=\"_blank\" rel=\"noreferrer noopener\">Landkreis L\u00fcneburg<\/a> &#8211; <a aria-label=\"Rettungsdienst (opens in a new tab)\" href=\"https:\/\/www.landkreis-lueneburg.de\/desktopdefault.aspx\/tabid-8501\/14638_read-79216\/\" target=\"_blank\" rel=\"noreferrer noopener\">Rettungsdienst<\/a> &#8211; <a aria-label=\"Ratsinfo (opens in a new tab)\" href=\"https:\/\/www.landkreis-lueneburg.de\/Home-Landkreis-Lueneburg\/Politik-und-Verwaltung\/Kreistag\/Textrecherche.aspx\" target=\"_blank\" rel=\"noreferrer noopener\">Ratsinfo<\/a> <\/li>\n\n\n\n<li><a aria-label=\"Landkreis Osterholz (opens in a new tab)\" href=\"https:\/\/www.landkreis-osterholz.de\" target=\"_blank\" rel=\"noreferrer noopener\">Landkreis Osterholz<\/a> &#8211; <a aria-label=\"Rettungsdienst (opens in a new tab)\" href=\"https:\/\/www.landkreis-osterholz.de\/portal\/seiten\/rettungsdienst-901000115-21000.html\" target=\"_blank\" rel=\"noreferrer noopener\">Rettungsdienst<\/a> &#8211; <a aria-label=\"Ratsinfo (opens in a new tab)\" href=\"https:\/\/landkreis-osterholz.ratsinfomanagement.net\" target=\"_blank\" rel=\"noreferrer noopener\">Ratsinfo<\/a> <\/li>\n\n\n\n<li><a aria-label=\" (opens in a new tab)\" href=\"https:\/\/www.lk-row.de\/portal\/startseite.html\" target=\"_blank\" rel=\"noreferrer noopener\">Landkreis Rotenburg (W\u00fcmme)<\/a> &#8211; <a aria-label=\" (opens in a new tab)\" href=\"https:\/\/www.lk-row.de\/portal\/seiten\/aufgaben-rettungsdienst-1020-23700.html\" target=\"_blank\" rel=\"noreferrer noopener\">Rettungsdienst<\/a> &#8211; <a aria-label=\"Ratsinfo (opens in a new tab)\" href=\"https:\/\/sessionnet.lk-rotenburg.de\/sessionnet\/bi\/infobi.php\" target=\"_blank\" rel=\"noreferrer noopener\">Ratsinfo<\/a> <\/li>\n\n\n\n<li><a aria-label=\"Landkreis Heidekreis (opens in a new tab)\" href=\"https:\/\/www.heidekreis.de\/home.aspx\" target=\"_blank\" rel=\"noreferrer noopener\">Landkreis Heidekreis<\/a> &#8211; <a aria-label=\"Rettungsdienst (opens in a new tab)\" href=\"https:\/\/www.heidekreis.de\/home\/global\/suchen-u-finden.aspx\/searchcall-589\/589_keepvisible-true\/redirected-1\/?\/sid-75136677\/mid-589\/tid-2\/ct-0\/q-rettungsdienst%20\/k-\/et-0\/rpp-0\/sar-true\/t-\/p-0\/ap-true\/cat-\/cr-0\/pr-0\/icp-false\/icc-false\/ifc-false\/sl-1\/sp-0\/cs-\/p$0-go$$suchen\/\" target=\"_blank\" rel=\"noreferrer noopener\">Rettungsdienst<\/a> &#8211; <a label=\" (opens in a new tab)\" href=\"https:\/\/egov3.heidekreis.de\/somacos\/buergerinfo\/info.asp\" target=\"_blank\" rel=\"noreferrer noopener\">Ratsinfo<\/a> <\/li>\n\n\n\n<li><a aria-label=\"Landkreis Stade (opens in a new tab)\" href=\"https:\/\/www.landkreis-stade.de\" target=\"_blank\" rel=\"noreferrer noopener\">Landkreis Stade<\/a> &#8211; <a aria-label=\"Rettungsdienst (opens in a new tab)\" href=\"https:\/\/www.landkreis-stade.de\/buergerservice\/dienstleistungen\/rettungsdienst-900000244-0.html?myMedium=1&amp;auswahl=0\" target=\"_blank\" rel=\"noreferrer noopener\">Rettungsdienst<\/a> &#8211; Ratsinfo<\/li>\n\n\n\n<li><a aria-label=\"Landkreis Verden (opens in a new tab)\" href=\"https:\/\/www.landkreis-verden.de\" target=\"_blank\" rel=\"noreferrer noopener\">Landkreis Verden<\/a> &#8211; <a aria-label=\"Rettungsdienst (opens in a new tab)\" href=\"https:\/\/www.landkreis-verden.de\/sicherheit-und-ordnung\/brandschutz-rettungsdienst-und-katastrophenschutz\/rettungsdienst\/\" target=\"_blank\" rel=\"noreferrer noopener\">Rettungsdienst<\/a> &#8211; <a aria-label=\"Ratsinfo (opens in a new tab)\" href=\"https:\/\/landkreis-verden.ratsinfomanagement.net\/recherche\" target=\"_blank\" rel=\"noreferrer noopener\">Ratsinfo<\/a><\/li>\n\n\n\n<li><a aria-label=\"Stadt Cuxhaven (opens in a new tab)\" href=\"https:\/\/www.cuxhaven.de\/index.php\" target=\"_blank\" rel=\"noreferrer noopener\">Stadt Cuxhaven<\/a> &#8211; <a aria-label=\"Rettungsdienst (opens in a new tab)\" href=\"https:\/\/www.cuxhaven.de\/staticsite\/staticsite.php?menuid=445&amp;topmenu=44\" target=\"_blank\" rel=\"noreferrer noopener\">Rettungsdienst<\/a> &#8211; <a aria-label=\"Ratsinfo (opens in a new tab)\" href=\"https:\/\/stadt-cuxhaven.ratsinfomanagement.net\/recherche\" target=\"_blank\" rel=\"noreferrer noopener\">Ratsinfo<\/a><\/li>\n<\/ul>\n","protected":false},"excerpt":{"rendered":"<p>Hier sind die Beh\u00f6rden im Bereich L\u00fcneburg aufgelistet, die f\u00fcr den Rettungsdienst zust\u00e4ndig sind.&nbsp; Die Landkreise und kreisfreien St\u00e4dte sind f\u00fcr ihren Bereich als Tr\u00e4ger des Rettungsdienst gesetzlich verpflichtet, den Rettungsdienst sicherzustellen. Die Kommunen k\u00f6nnen Dritte mit der Durchf\u00fchrung beauftragen (z.B. Hilfsorganisationen, Private).<\/p>\n","protected":false},"author":1,"featured_media":0,"parent":0,"menu_order":24,"comment_status":"closed","ping_status":"closed","template":"","meta":{"footnotes":""},"class_list":["post-1823","page","type-page","status-publish","hentry"],"_links":{"self":[{"href":"https:\/\/m-pet.de\/index.php?rest_route=\/wp\/v2\/pages\/1823","targetHints":{"allow":["GET"]}}],"collection":[{"href":"https:\/\/m-pet.de\/index.php?rest_route=\/wp\/v2\/pages"}],"about":[{"href":"https:\/\/m-pet.de\/index.php?rest_route=\/wp\/v2\/types\/page"}],"author":[{"embeddable":true,"href":"https:\/\/m-pet.de\/index.php?rest_route=\/wp\/v2\/users\/1"}],"replies":[{"embeddable":true,"href":"https:\/\/m-pet.de\/index.php?rest_route=%2Fwp%2Fv2%2Fcomments&post=1823"}],"version-history":[{"count":0,"href":"https:\/\/m-pet.de\/index.php?rest_route=\/wp\/v2\/pages\/1823\/revisions"}],"wp:attachment":[{"href":"https:\/\/m-pet.de\/index.php?rest_route=%2Fwp%2Fv2%2Fmedia&parent=1823"}],"curies":[{"name":"wp","href":"https:\/\/api.w.org\/{rel}","templated":true}]}}