{"id":1820,"date":"2025-03-09T17:00:05","date_gmt":"2025-03-09T16:00:05","guid":{"rendered":"https:\/\/m-pet.de\/?page_id=1820"},"modified":"2025-03-09T19:05:47","modified_gmt":"2025-03-09T18:05:47","slug":"rettd-region-braunschweig","status":"publish","type":"page","link":"https:\/\/m-pet.de\/?page_id=1820","title":{"rendered":"RettD Region Braunschweig"},"content":{"rendered":"\n<p>Hier sind Beh\u00f6rden im Bereich <strong>Braunschweig<\/strong> aufgelistet, die f\u00fcr den Rettungsdienst zust\u00e4ndig sind.&nbsp; <\/p>\n\n\n\n<p>Die Landkreise und kreisfreien St\u00e4dte sind f\u00fcr ihren Bereich als Tr\u00e4ger des Rettungsdienst gesetzlich verpflichtet, den Rettungsdienst sicherzustellen. Die Kommunen k\u00f6nnen Dritte mit der Durchf\u00fchrung beauftragen (z.B. Hilfsorganisationen, Private).<\/p>\n\n\n\n<ul class=\"wp-block-list\">\n<li><a aria-label=\"Landkreis Gifhorn (opens in a new tab)\" href=\"http:\/\/www.gifhorn.de\/index.php?lang=de\" target=\"_blank\" rel=\"noreferrer noopener\">Landkreis Gifhorn<\/a> &#8211; <a aria-label=\"Rettungsdienst (opens in a new tab)\" href=\"http:\/\/www.gifhorn-112.de\/\" target=\"_blank\" rel=\"noreferrer noopener\">Rettungsdienst<\/a> &#8211; <a aria-label=\"Ratsinfo (opens in a new tab)\" href=\"https:\/\/www.gifhorn.de\/der-landkreis\/politik-kreistag\/textrecherche\/\" target=\"_blank\" rel=\"noreferrer noopener\">Ratsinfo<\/a> <\/li>\n\n\n\n<li><a href=\"https:\/\/www.landkreis-goslar.de\" target=\"_blank\" rel=\"noreferrer noopener\">Landkreis Goslar<\/a> &#8211; Rettungsdienst &#8211; <a aria-label=\"Ratsinfo (opens in a new tab)\" href=\"https:\/\/kis.landkreis-goslar.de\/sessionnet_bi\/infobi.asp\" target=\"_blank\" rel=\"noreferrer noopener\">Ratsinfo<\/a> &#8211; <a aria-label=\"Kreiswirtschaftsbetriebe Goslar - Rettungsdienst (opens in a new tab)\" href=\"https:\/\/www.kwb-goslar.de\/Rettungsdienst\" target=\"_blank\" rel=\"noreferrer noopener\">Kreiswirtschaftsbetriebe Goslar &#8211; Rettungsdienst<\/a> <\/li>\n\n\n\n<li><a aria-label=\"Landkreis G\u00f6ttingen (opens in a new tab)\" href=\"https:\/\/www.landkreisgoettingen.de\/index.php?lang=de#\" target=\"_blank\" rel=\"noreferrer noopener\">Landkreis G\u00f6ttingen<\/a> &#8211; Rettungsdienst &#8211; <a aria-label=\"Ratsinfo (opens in a new tab)\" href=\"https:\/\/sessionnet.krz.de\/kreis_goettingen\/bi\/info.asp\" target=\"_blank\" rel=\"noreferrer noopener\">Ratsinfo<\/a> <\/li>\n\n\n\n<li><a aria-label=\"Landkreis Helmstedt (opens in a new tab)\" href=\"https:\/\/www.helmstedt.de\/index.php\" target=\"_blank\" rel=\"noreferrer noopener\">Landkreis Helmstedt<\/a> &#8211; <a aria-label=\"Rettungsdienst  (opens in a new tab)\" href=\"https:\/\/www.helmstedt.de\/verwaltung\/dienstleistungen\/dienstleistung.php?id=293&amp;menuid=662&amp;topmenu=637\" target=\"_blank\" rel=\"noreferrer noopener\">Rettungsdienst <\/a>&#8211; <a aria-label=\"Ratsinfo (opens in a new tab)\" href=\"http:\/\/helmstedt.e-ritmo.de\/stm.php\" target=\"_blank\" rel=\"noreferrer noopener\">Ratsinfo<\/a><\/li>\n\n\n\n<li><a aria-label=\"Landkreis Northeim (opens in a new tab)\" href=\"https:\/\/www.landkreis-northeim.de\/\" target=\"_blank\" rel=\"noreferrer noopener\">Landkreis Northeim<\/a> &#8211; <a aria-label=\"Rettungsdienst  (opens in a new tab)\" href=\"https:\/\/www.landkreis-northeim.de\/ordnung-und-veterinaerwesen\/spalte-mit-bildern\/notruf-und-notfall\/\" target=\"_blank\" rel=\"noreferrer noopener\">Rettungsdienst<\/a> &#8211; <a aria-label=\"Ratsinfo (opens in a new tab)\" href=\"https:\/\/ris.kdgoe.de\/LKNOM_public\/si010?0\" target=\"_blank\" rel=\"noreferrer noopener\">Ratsinfo<\/a><\/li>\n\n\n\n<li><a aria-label=\" (opens in a new tab)\" href=\"https:\/\/www.landkreis-peine.de\/\" target=\"_blank\" rel=\"noreferrer noopener\">Landkreis Peine<\/a> &#8211; <a aria-label=\"Rettungsdienst (opens in a new tab)\" href=\"https:\/\/www.landkreis-peine.de\/Ordnung-Umwelt\/Ordnungswesen\/Rettungsdienst?&amp;La=1\" target=\"_blank\" rel=\"noreferrer noopener\">Rettungsdienst<\/a> &#8211; <a aria-label=\"Ratsinfo\u2028D (opens in a new tab)\" href=\"https:\/\/kreistagsinfo.landkreis-peine.de\/bi\/yw010.asp\" target=\"_blank\" rel=\"noreferrer noopener\">Ratsinfo<\/a><\/li>\n\n\n\n<li><a aria-label=\" (opens in a new tab)\" href=\"https:\/\/www.lk-wolfenbuettel.de\/\" target=\"_blank\" rel=\"noreferrer noopener\">Landkreis Wolfenb\u00fcttel<\/a> &#8211; <a aria-label=\"Rettungsdienst  (opens in a new tab)\" href=\"https:\/\/www.lk-wolfenbuettel.de\/Infos-beschaffen\/Verwaltung\/Verwaltungsaufbau\/Dezernat-III\" target=\"_blank\" rel=\"noreferrer noopener\">Rettungsdienst <\/a>&#8211; <a href=\"https:\/\/kreistag.lk-wf.de\/bi\/info.asp\" target=\"_blank\" rel=\"noreferrer noopener\">Ratsinfo<\/a> <\/li>\n\n\n\n<li><a aria-label=\" (opens in a new tab)\" href=\"https:\/\/www.braunschweig.de\/\" target=\"_blank\" rel=\"noreferrer noopener\">Stadt Braunschweig<\/a> &#8211; <a href=\"https:\/\/www.braunschweig.de\/leben\/gesundheit\/feuerwehr\/berufsfeuerwehr\/rettungsdienst\/Rettungsdienst.php\">Rettungsdienst<\/a> &#8211; <a aria-label=\"Ratsinfo (opens in a new tab)\" href=\"https:\/\/ratsinfo.braunschweig.de\/bi\/yw010.asp\" target=\"_blank\" rel=\"noreferrer noopener\">Ratsinfo<\/a> &#8211; <a aria-label=\"Berufsfeuerwehr Braunschweig (opens in a new tab)\" href=\"http:\/\/www.braunschweig.de\/leben\/gesundheit\/feuerwehr\/\" target=\"_blank\" rel=\"noreferrer noopener\">Berufsfeuerwehr Braunschweig<\/a><\/li>\n\n\n\n<li><a aria-label=\"Stadt Salzgitter (opens in a new tab)\" href=\"https:\/\/www.salzgitter.de\" target=\"_blank\" rel=\"noreferrer noopener\">Stadt Salzgitter<\/a> &#8211; <a label=\"Rettungsdienst (opens in a new tab)\" href=\"https:\/\/www.salzgitter.de\" target=\"_blank\" rel=\"noreferrer noopener\">Rettungsdienst<\/a> &#8211; <a href=\"https:\/\/www.salzgitter.sitzung-online.de\/public\/\">Ratsinfo<\/a> <\/li>\n\n\n\n<li><a aria-label=\"Stadt Wolfsburg (opens in a new tab)\" href=\"https:\/\/www.wolfsburg.de\" target=\"_blank\" rel=\"noreferrer noopener\">Stadt Wolfsburg<\/a> &#8211; <a aria-label=\"Rettungsdienst (opens in a new tab)\" href=\"https:\/\/www.wolfsburg.de\/rathaus\/stadtverwaltung\/37-brand-und-katastrophenschutz\" target=\"_blank\" rel=\"noreferrer noopener\">Rettungsdienst<\/a> &#8211; <a aria-label=\"Ratsinfo (opens in a new tab)\" href=\"https:\/\/ratsinfob.stadt.wolfsburg.de\/tr010?0\" target=\"_blank\" rel=\"noreferrer noopener\">Ratsinfo<\/a> &#8211; <a aria-label=\"Feuerwehr Wolfsburg (opens in a new tab)\" href=\"https:\/\/feuerwehr-wolfsburg.de\/feuerwehren\/berufsfeuerwehr\" target=\"_blank\" rel=\"noreferrer noopener\">Berufsfeuerwehr Wolfsburg<\/a><\/li>\n\n\n\n<li><a aria-label=\"Stadt G\u00f6ttingen (opens in a new tab)\" href=\"https:\/\/www.goettingen.de\/index.php?lang=de#\" target=\"_blank\" rel=\"noreferrer noopener\">Stadt G\u00f6ttingen<\/a> &#8211; <a aria-label=\"Rettungsdienst (opens in a new tab)\" href=\"https:\/\/www.goettingen.de\/verwaltung\/struktur\/details\/rettungsdienst.html\" target=\"_blank\" rel=\"noreferrer noopener\">Rettungsdienst<\/a> &#8211; <a aria-label=\"Ratsinfo (opens in a new tab)\" href=\"https:\/\/www.goettingen.de\/rathaus\/service\/buerger-informationsportal\/volltextsuche.html\" target=\"_blank\" rel=\"noreferrer noopener\">Ratsinfo<\/a> &#8211; <a aria-label=\"Berufsfeuerwehr G\u00f6ttingen (opens in a new tab)\" href=\"https:\/\/feuerwehr.goettingen.de\/staticsite\/staticsite.php?menuid=24&amp;topmenu=8\" target=\"_blank\" rel=\"noreferrer noopener\">Berufsfeuerwehr G\u00f6ttingen<\/a> <\/li>\n<\/ul>\n","protected":false},"excerpt":{"rendered":"<p>Hier sind Beh\u00f6rden im Bereich Braunschweig aufgelistet, die f\u00fcr den Rettungsdienst zust\u00e4ndig sind.&nbsp; Die Landkreise und kreisfreien St\u00e4dte sind f\u00fcr ihren Bereich als Tr\u00e4ger des Rettungsdienst gesetzlich verpflichtet, den Rettungsdienst sicherzustellen. Die Kommunen k\u00f6nnen Dritte mit der Durchf\u00fchrung beauftragen (z.B. Hilfsorganisationen, Private).<\/p>\n","protected":false},"author":1,"featured_media":0,"parent":0,"menu_order":20,"comment_status":"closed","ping_status":"closed","template":"","meta":{"footnotes":""},"class_list":["post-1820","page","type-page","status-publish","hentry"],"_links":{"self":[{"href":"https:\/\/m-pet.de\/index.php?rest_route=\/wp\/v2\/pages\/1820","targetHints":{"allow":["GET"]}}],"collection":[{"href":"https:\/\/m-pet.de\/index.php?rest_route=\/wp\/v2\/pages"}],"about":[{"href":"https:\/\/m-pet.de\/index.php?rest_route=\/wp\/v2\/types\/page"}],"author":[{"embeddable":true,"href":"https:\/\/m-pet.de\/index.php?rest_route=\/wp\/v2\/users\/1"}],"replies":[{"embeddable":true,"href":"https:\/\/m-pet.de\/index.php?rest_route=%2Fwp%2Fv2%2Fcomments&post=1820"}],"version-history":[{"count":0,"href":"https:\/\/m-pet.de\/index.php?rest_route=\/wp\/v2\/pages\/1820\/revisions"}],"wp:attachment":[{"href":"https:\/\/m-pet.de\/index.php?rest_route=%2Fwp%2Fv2%2Fmedia&parent=1820"}],"curies":[{"name":"wp","href":"https:\/\/api.w.org\/{rel}","templated":true}]}}