{"id":1814,"date":"2025-03-09T17:00:00","date_gmt":"2025-03-09T16:00:00","guid":{"rendered":"https:\/\/m-pet.de\/?page_id=1814"},"modified":"2025-10-14T14:03:31","modified_gmt":"2025-10-14T12:03:31","slug":"rettungsdienste","status":"publish","type":"page","link":"https:\/\/m-pet.de\/?page_id=1814","title":{"rendered":"Rettungsdienst Niedersachsen"},"content":{"rendered":"\n<p>In den einzelnen Bereichen sind die Internetauftritte der kommunalen  Tr\u00e4ger dargestellt. In den Regionen sind auf Grundlage der fr\u00fcheren Regierungsbezirke kommunale Arbeitskreise entstanden, in denen sich die Tr\u00e4ger des Rettungsdienstes austauschen. <\/p>\n\n\n\n<ul class=\"wp-block-list\"><li><strong><a href=\"https:\/\/m-pet.de\/?page_id=1284\" data-type=\"page\" data-id=\"1284\">Beteiligte und Infos<\/a><\/strong><\/li><li><a href=\"https:\/\/m-pet.de\/?page_id=1316\" data-type=\"page\" data-id=\"1316\"><strong>RettD Region Weser-Ems<\/strong><\/a><\/li><li><strong><a href=\"https:\/\/m-pet.de\/?page_id=1368\" data-type=\"page\" data-id=\"1368\">RettD Region Hannover<\/a><\/strong><\/li><li><strong><a href=\"https:\/\/m-pet.de\/?page_id=1820\" data-type=\"page\" data-id=\"1820\">RettD Region Braunschweig<\/a><\/strong><\/li><li><strong><a href=\"https:\/\/m-pet.de\/?page_id=1823\" data-type=\"page\" data-id=\"1823\">RettD Region L\u00fcneburg<\/a><\/strong><\/li><\/ul>\n\n\n\n<p> <\/p>\n","protected":false},"excerpt":{"rendered":"<p>In den einzelnen Bereichen sind die Internetauftritte der kommunalen Tr\u00e4ger dargestellt. In den Regionen sind auf Grundlage der fr\u00fcheren Regierungsbezirke kommunale Arbeitskreise entstanden, in denen sich die Tr\u00e4ger des Rettungsdienstes austauschen. Beteiligte und Infos RettD Region Weser-Ems RettD Region Hannover RettD Region Braunschweig RettD Region L\u00fcneburg<\/p>\n","protected":false},"author":1,"featured_media":0,"parent":0,"menu_order":26,"comment_status":"closed","ping_status":"closed","template":"","meta":{"footnotes":""},"class_list":["post-1814","page","type-page","status-publish","hentry"],"_links":{"self":[{"href":"https:\/\/m-pet.de\/index.php?rest_route=\/wp\/v2\/pages\/1814","targetHints":{"allow":["GET"]}}],"collection":[{"href":"https:\/\/m-pet.de\/index.php?rest_route=\/wp\/v2\/pages"}],"about":[{"href":"https:\/\/m-pet.de\/index.php?rest_route=\/wp\/v2\/types\/page"}],"author":[{"embeddable":true,"href":"https:\/\/m-pet.de\/index.php?rest_route=\/wp\/v2\/users\/1"}],"replies":[{"embeddable":true,"href":"https:\/\/m-pet.de\/index.php?rest_route=%2Fwp%2Fv2%2Fcomments&post=1814"}],"version-history":[{"count":0,"href":"https:\/\/m-pet.de\/index.php?rest_route=\/wp\/v2\/pages\/1814\/revisions"}],"wp:attachment":[{"href":"https:\/\/m-pet.de\/index.php?rest_route=%2Fwp%2Fv2%2Fmedia&parent=1814"}],"curies":[{"name":"wp","href":"https:\/\/api.w.org\/{rel}","templated":true}]}}