{"id":1368,"date":"2025-03-09T17:00:00","date_gmt":"2025-03-09T16:00:00","guid":{"rendered":"https:\/\/m-pet.de\/?page_id=1368"},"modified":"2025-03-09T19:07:29","modified_gmt":"2025-03-09T18:07:29","slug":"rettd-region-hannover","status":"publish","type":"page","link":"https:\/\/m-pet.de\/?page_id=1368","title":{"rendered":"RettD Region Hannover"},"content":{"rendered":"\n<p>Hier sind Beh\u00f6rden aufgelistet, die im Bereich <strong>Hannover&nbsp;<\/strong>f\u00fcr den Rettungsdienst zust\u00e4ndig sind.&nbsp; <\/p>\n\n\n\n<p>Die Landkreise und kreisfreien St\u00e4dte sind f\u00fcr ihren Bereich als Tr\u00e4ger des Rettungsdienst gesetzlich verpflichtet, den Rettungsdienst sicherzustellen. Die Kommunen k\u00f6nnen Dritte mit der Durchf\u00fchrung beauftragen (z.B. Hilfsorganisationen, Private).<\/p>\n\n\n\n<ul class=\"wp-block-list\">\n<li><a aria-label=\"Region Hannover\u2028Landkreis Diepholz\u2028Landkreis Hameln-Pyrmont\u2028Landkreis Hildesheim\u2028Landkreis Holzminden\u2028Landkreis Nienburg\/Weser\u2028Landkreis Schaumburg (\u00f6ffnet in neuem Tab)\" href=\"https:\/\/www.hannover.de\/\" target=\"_blank\" rel=\"noreferrer noopener\">Region Hannover<\/a> &#8211; <a href=\"https:\/\/ris.hannit.de\/public\/\" target=\"_blank\" rel=\"noreferrer noopener\">Ratsinfo<\/a><\/li>\n\n\n\n<li><a aria-label=\"Region Hannover\u2028Landkreis Diepholz\u2028Landkreis Hameln-Pyrmont\u2028Landkreis Hildesheim\u2028Landkreis Holzminden\u2028Landkreis Nienburg\/Weser\u2028Landkreis Schaumburg (\u00f6ffnet in neuem Tab)\" rel=\"noreferrer noopener\" href=\"https:\/\/www.diepholz.de\/\" target=\"_blank\">Landkreis Diepholz<\/a> &#8211; <a rel=\"noreferrer noopener\" aria-label=\"Ratsinfo (opens in a new tab)\" href=\"https:\/\/www.diepholz.de\/allris\/yw010.asp\" target=\"_blank\">Ratsinfo<\/a> &#8211; <a aria-label=\"Region Hannover\u2028ASB Rettungsdienst gGmbH\u2028DRK in der Region Hannover gGmbH\u2028Johanniter-Unfall-Hilfe e.V. RV Niedersachsen Mitte\u2028RKT Rettungsdienst GmbH &amp; Co. KG (derzeit Offline)\u2028Landkreis Diepholz\u2028Rettungsdienst Landkreis Diepholz GmbH\u2028Landkreis Hameln-Pyrmont\u2028Landkreis Hildesheim\u2028Landkreis Holzminden\u2028Landkreis Nienburg\/Weser\u2028Landkreis Schaumburg (\u00f6ffnet in neuem Tab)\" rel=\"noreferrer noopener\" href=\"http:\/\/www.rettungsdienst-lk-diepholz.de\" target=\"_blank\">Rettungsdienst Landkreis Diepholz GmbH<\/a><\/li>\n\n\n\n<li><a aria-label=\"Region Hannover\u2028Landkreis Diepholz\u2028Landkreis Hameln-Pyrmont\u2028Landkreis Hildesheim\u2028Landkreis Holzminden\u2028Landkreis Nienburg\/Weser\u2028Landkreis Schaumburg (\u00f6ffnet in neuem Tab)\" rel=\"noreferrer noopener\" href=\"https:\/\/www.hameln-pyrmont.de\/\" target=\"_blank\">Landkreis Hameln-Pyrmont<\/a> &#8211; <a aria-label=\"Rettungsdienst (opens in a new tab)\" rel=\"noreferrer noopener\" href=\"https:\/\/www.hameln-pyrmont.de\/?object=tx%7c2561.7469.1\" target=\"_blank\">Rettungsdienst<\/a> &#8211; <a aria-label=\"Ratsinfo (opens in a new tab)\" rel=\"noreferrer noopener\" href=\"https:\/\/www.hameln-pyrmont.de\/Landkreis\/Politik-Verwaltung\/Kreistagsinformationssystem\/index.php?NavID=2561.61.1\" target=\"_blank\">Ratsinfo<\/a><\/li>\n\n\n\n<li><a aria-label=\"Region Hannover\u2028Landkreis Diepholz\u2028Landkreis Hameln-Pyrmont\u2028Landkreis Hildesheim\u2028Landkreis Holzminden\u2028Landkreis Nienburg\/Weser\u2028Landkreis Schaumburg (\u00f6ffnet in neuem Tab)\" rel=\"noreferrer noopener\" href=\"https:\/\/www.landkreishildesheim.de\/\" target=\"_blank\">Landkreis Hildesheim<\/a>&nbsp;&#8211;&nbsp;<a rel=\"noreferrer noopener\" aria-label=\"Rettungsdienst (opens in a new tab)\" href=\"https:\/\/www.landkreishildesheim.de\/?object=tx,1905.161.1\" target=\"_blank\">Rettungsdienst<\/a> &#8211; <a aria-label=\"Ratsinfo (opens in a new tab)\" rel=\"noreferrer noopener\" href=\"http:\/\/www.kreistags.info\/\" target=\"_blank\">Ratsinfo<\/a> <\/li>\n\n\n\n<li><a aria-label=\"Region Hannover\u2028Landkreis Diepholz\u2028Landkreis Hameln-Pyrmont\u2028Landkreis Hildesheim\u2028Landkreis Holzminden\u2028Landkreis Nienburg\/Weser\u2028Landkreis Schaumburg (\u00f6ffnet in neuem Tab)\" rel=\"noreferrer noopener\" href=\"https:\/\/www.landkreis-holzminden.de\/\" target=\"_blank\">Landkreis Holzminden<\/a>&nbsp;&#8211;&nbsp;<a rel=\"noreferrer noopener\" aria-label=\"Ratsinfo (opens in a new tab)\" href=\"https:\/\/landkreis-holzminden.ratsinfomanagement.net\/\" target=\"_blank\">Ratsinfo<\/a> &#8211; <a aria-label=\" (opens in a new tab)\" rel=\"noreferrer noopener\" href=\"https:\/\/www.landkreis-holzminden.de\/portal\/seiten\/rettungsdienst-900000092-25600.html\" target=\"_blank\">Rettungsdienst<\/a> <\/li>\n\n\n\n<li><a aria-label=\"Region Hannover\u2028Landkreis Diepholz\u2028Landkreis Hameln-Pyrmont\u2028Landkreis Hildesheim\u2028Landkreis Holzminden\u2028Landkreis Nienburg\/Weser\u2028Landkreis Schaumburg (\u00f6ffnet in neuem Tab)\" rel=\"noreferrer noopener\" href=\"https:\/\/www.lk-nienburg.de\/\" target=\"_blank\">Landkreis Nienburg\/Weser<\/a>&#8211; <a rel=\"noreferrer noopener\" aria-label=\"Rettungsdienst (opens in a new tab)\" href=\"https:\/\/www.lk-nienburg.de\/portal\/seiten\/feuerwehr-rettungsdienst-und-katastrophenschutz-291-21500.html\" target=\"_blank\">Rettungsdienst<\/a> &#8211; <a rel=\"noreferrer noopener\" aria-label=\"Ratsinfo (opens in a new tab)\" href=\"https:\/\/buergerinfo.lk-ni.de\/info.php\" target=\"_blank\">Ratsinfo<\/a> <\/li>\n\n\n\n<li><a aria-label=\"Region Hannover\u2028Landkreis Diepholz\u2028Landkreis Hameln-Pyrmont\u2028Landkreis Hildesheim\u2028Landkreis Holzminden\u2028Landkreis Nienburg\/Weser\u2028Landkreis Schaumburg (\u00f6ffnet in neuem Tab)\" href=\"https:\/\/www.schaumburg.de\/\" target=\"_blank\" rel=\"noreferrer noopener\">Landkreis Schaumburg<\/a> &#8211; <a href=\"https:\/\/schaumburg.ratsinfomanagement.net\/recherche\" target=\"_blank\" rel=\"noreferrer noopener\">Ratsinfo<\/a><\/li>\n\n\n\n<li><a aria-label=\"Stadt Hameln (opens in a new tab)\" href=\"https:\/\/www.hameln.de\/de\/\" target=\"_blank\" rel=\"noreferrer noopener\">Stadt Hameln<\/a>\u00a0&#8211; <a aria-label=\"Ratsinformationssystem (opens in a new tab)\" href=\"https:\/\/www.hameln.de\/de\/buergerservice-verwaltung\/rat-der-stadt-hameln\/\" target=\"_blank\" rel=\"noreferrer noopener\">Ratsinfo<\/a><\/li>\n\n\n\n<li><a aria-label=\"Stadt Hildesheim (opens in a new tab)\" href=\"https:\/\/www.hildesheim.de\/index.php?lang=de\" target=\"_blank\" rel=\"noreferrer noopener\">Stadt Hildesheim<\/a> &#8211; <a aria-label=\"Rettungsdienst  (opens in a new tab)\" href=\"https:\/\/www.hildesheim.de\/feuerwehr\/berufsfeuerwehr\/rettungsdienst.html\" target=\"_blank\" rel=\"noreferrer noopener\">Rettungsdienst <\/a>&#8211; <a href=\"https:\/\/www.stadt-hildesheim.de\/allris\/yw010.asp\" target=\"_blank\" rel=\"noreferrer noopener\">Ratsinfo<\/a><\/li>\n\n\n\n<li><a aria-label=\"Stadt Hannover (opens in a new tab)\" href=\"https:\/\/www.hannover.de\" target=\"_blank\" rel=\"noreferrer noopener\">Stadt Hannover<\/a> &#8211; <a aria-label=\"Rettungsdienst  (opens in a new tab)\" href=\"https:\/\/www.hannover.de\/Leben-in-der-Region-Hannover\/Sicherheit-Ordnung\/Rettungsdienste\/Rettungsdienste-in-der-Stadt-Hannover\" target=\"_blank\" rel=\"noreferrer noopener\">Rettungsdienst<\/a> &#8211; <a href=\"https:\/\/e-government.hannover-stadt.de\/lhhsimwebre.nsf\" target=\"_blank\" rel=\"noreferrer noopener\">Ratsinfo<\/a> &#8211; <a href=\"https:\/\/www.hannover.de\/Leben-in-der-Region-Hannover\/Sicherheit-Ordnung\/Feuerwehr-Hannover\">Berufsfeuerwehr Hannover<\/a><\/li>\n<\/ul>\n\n\n\n<p><\/p>\n","protected":false},"excerpt":{"rendered":"<p>Hier sind Beh\u00f6rden aufgelistet, die im Bereich Hannover&nbsp;f\u00fcr den Rettungsdienst zust\u00e4ndig sind.&nbsp; Die Landkreise und kreisfreien St\u00e4dte sind f\u00fcr ihren Bereich als Tr\u00e4ger des Rettungsdienst gesetzlich verpflichtet, den Rettungsdienst sicherzustellen. Die Kommunen k\u00f6nnen Dritte mit der Durchf\u00fchrung beauftragen (z.B. Hilfsorganisationen, Private).<\/p>\n","protected":false},"author":1,"featured_media":0,"parent":0,"menu_order":21,"comment_status":"closed","ping_status":"closed","template":"","meta":{"footnotes":""},"class_list":["post-1368","page","type-page","status-publish","hentry"],"_links":{"self":[{"href":"https:\/\/m-pet.de\/index.php?rest_route=\/wp\/v2\/pages\/1368","targetHints":{"allow":["GET"]}}],"collection":[{"href":"https:\/\/m-pet.de\/index.php?rest_route=\/wp\/v2\/pages"}],"about":[{"href":"https:\/\/m-pet.de\/index.php?rest_route=\/wp\/v2\/types\/page"}],"author":[{"embeddable":true,"href":"https:\/\/m-pet.de\/index.php?rest_route=\/wp\/v2\/users\/1"}],"replies":[{"embeddable":true,"href":"https:\/\/m-pet.de\/index.php?rest_route=%2Fwp%2Fv2%2Fcomments&post=1368"}],"version-history":[{"count":0,"href":"https:\/\/m-pet.de\/index.php?rest_route=\/wp\/v2\/pages\/1368\/revisions"}],"wp:attachment":[{"href":"https:\/\/m-pet.de\/index.php?rest_route=%2Fwp%2Fv2%2Fmedia&parent=1368"}],"curies":[{"name":"wp","href":"https:\/\/api.w.org\/{rel}","templated":true}]}}