{"id":1196,"date":"2026-03-25T22:00:00","date_gmt":"2026-03-25T21:00:00","guid":{"rendered":"https:\/\/m-pet.de\/?page_id=1196"},"modified":"2026-03-26T13:08:05","modified_gmt":"2026-03-26T12:08:05","slug":"kats-bund","status":"publish","type":"page","link":"https:\/\/m-pet.de\/?page_id=1196","title":{"rendered":"KatS Bund"},"content":{"rendered":"\n<p>Der Zivilschutz bezeichnet den Katastrophenschutz im Verteidigungsfall. Nach der verfassungsrechtlichen Kompetenzordnung des Grundgesetzes f\u00e4llt dieser besondere Teil des Bev\u00f6lkerungsschutzes in die Gesetzgebungskompetenz des Bundes.<\/p>\n\n\n\n<p>Hiervon zu unterscheiden ist der Katastrophenschutz in Friedenszeiten, etwa bei Hochwasserlagen oder anderen Naturereignissen. F\u00fcr diesen Bereich sind die L\u00e4nder zust\u00e4ndig. Sie haben die erforderlichen rechtlichen und organisatorischen Regelungen zu treffen, um entsprechende Gefahren abzuwehren sowie deren Folgen zu begrenzen.<\/p>\n\n\n\n<p>Dem Bund obliegt es demgegen\u00fcber, im Fall kriegerischer Auseinandersetzungen die Bev\u00f6lkerung, ihre Wohnungen und Arbeitsst\u00e4tten vor den Auswirkungen des Krieges zu sch\u00fctzen sowie eingetretene Sch\u00e4den und Folgen zu beseitigen oder zu mildern. Zu diesem Zweck hat der Bund die notwendigen Vorsorge- und Schutzma\u00dfnahmen zu treffen. Diese Vorkehrungen und Ma\u00dfnahmen werden nachfolgend dargestellt.<\/p>\n\n\n\n<ul class=\"wp-block-list\">\n<li><a href=\"https:\/\/www.bmi.bund.de\/DE\/startseite\/startseite-node.html\" target=\"_blank\" rel=\"noreferrer noopener\">Bundesministerium f\u00fcr Inneres<\/a>  hier das Thema <a href=\"https:\/\/www.bmi.bund.de\/DE\/themen\/bevoelkerungsschutz\/bevoelkerungsschutz-node.html\" target=\"_blank\" rel=\"noreferrer noopener\">Bev\u00f6lkerungsschutz<\/a> mit vielen weiteren Fundstellen und Informationen<\/li>\n\n\n\n<li>Internetseite des\u00a0<a href=\"https:\/\/www.bbk.bund.de\/DE\/Home\/home_node.html\">Bundesamtes f\u00fcr Bev\u00f6lkerungsschutz und Katastrophenhilfe &#8211; BBK<\/a><\/li>\n<\/ul>\n\n\n\n<p><\/p>\n\n\n\n<ul class=\"wp-block-list\">\n<li><a href=\"https:\/\/www.bbk.bund.de\/DE\/Service\/Fachinformationsstelle\/RechtundVorschriften\/VorschriftenundRichtlinien\/VolltextKatS-Dv\/KatS_DV_einstieg.html\">Zusammenstellung aller KatS-Dienstvorschriften und Leitf\u00e4den<\/a> (via Bundesamt f\u00fcr Bev\u00f6lkerungsschutz und Katastrophenhilfe &#8211; BBK)&nbsp;<\/li>\n\n\n\n<li><a href=\"http:\/\/www.gesetze-im-internet.de\/zsg\/BJNR072610997.html\" target=\"_blank\" rel=\"noreferrer noopener\">Gesetz \u00fcber den Zivilschutz und die Katastrophenhilfe des Bundes (ZSKG)\u00a0<\/a><\/li>\n\n\n\n<li><a href=\"https:\/\/www.gesetze-im-internet.de\/kritisdachg\/BJNR0420B0026.html\" target=\"_blank\" rel=\"noreferrer noopener\">Dachgesetz zur St\u00e4rkung der physischen Resilienz kritischer Anlagen\u00a0(KRITIS-Dachgesetz &#8211; KRITISDachG)<\/a><\/li>\n<\/ul>\n\n\n\n<p><\/p>\n","protected":false},"excerpt":{"rendered":"<p>Der Zivilschutz bezeichnet den Katastrophenschutz im Verteidigungsfall. Nach der verfassungsrechtlichen Kompetenzordnung des Grundgesetzes f\u00e4llt dieser besondere Teil des Bev\u00f6lkerungsschutzes in die Gesetzgebungskompetenz des Bundes. Hiervon zu unterscheiden ist der Katastrophenschutz in Friedenszeiten, etwa bei Hochwasserlagen oder anderen Naturereignissen. F\u00fcr diesen Bereich sind die L\u00e4nder zust\u00e4ndig. Sie haben die erforderlichen rechtlichen und organisatorischen Regelungen zu treffen,<\/p><\/div>\n<div class=\"blog-btn\"><a href=\"https:\/\/m-pet.de\/?page_id=1196\" class=\"home-blog-btn\">Weiterlesen<\/a><\/p>\n","protected":false},"author":1,"featured_media":0,"parent":0,"menu_order":15,"comment_status":"closed","ping_status":"closed","template":"","meta":{"footnotes":""},"class_list":["post-1196","page","type-page","status-publish","hentry"],"_links":{"self":[{"href":"https:\/\/m-pet.de\/index.php?rest_route=\/wp\/v2\/pages\/1196","targetHints":{"allow":["GET"]}}],"collection":[{"href":"https:\/\/m-pet.de\/index.php?rest_route=\/wp\/v2\/pages"}],"about":[{"href":"https:\/\/m-pet.de\/index.php?rest_route=\/wp\/v2\/types\/page"}],"author":[{"embeddable":true,"href":"https:\/\/m-pet.de\/index.php?rest_route=\/wp\/v2\/users\/1"}],"replies":[{"embeddable":true,"href":"https:\/\/m-pet.de\/index.php?rest_route=%2Fwp%2Fv2%2Fcomments&post=1196"}],"version-history":[{"count":0,"href":"https:\/\/m-pet.de\/index.php?rest_route=\/wp\/v2\/pages\/1196\/revisions"}],"wp:attachment":[{"href":"https:\/\/m-pet.de\/index.php?rest_route=%2Fwp%2Fv2%2Fmedia&parent=1196"}],"curies":[{"name":"wp","href":"https:\/\/api.w.org\/{rel}","templated":true}]}}