{"id":1164,"date":"2025-03-09T17:00:23","date_gmt":"2025-03-09T16:00:23","guid":{"rendered":"https:\/\/m-pet.de\/?page_id=1164"},"modified":"2025-03-09T19:05:56","modified_gmt":"2025-03-09T18:05:56","slug":"rettungsleitstellen-co","status":"publish","type":"page","link":"https:\/\/m-pet.de\/?page_id=1164","title":{"rendered":"Rettungsleitstellen"},"content":{"rendered":"\n<p>Rettungsleitstellen sind ein entscheidendes Glied in der Rettungskette. Sie fungieren als Schnittstelle zwischen den Notfallmeldungen der Bev\u00f6lkerung und den Einsatzkr\u00e4ften. Die Effizienz, Schnelligkeit und Qualit\u00e4t der Rettungsleitstellen sind f\u00fcr die erfolgreiche Abwicklung von Rettungsdiensteins\u00e4tzen von entscheidender Bedeutung. Im Folgenden m\u00f6chte ich Ihnen wichtige Ressourcen aufzeigen, die Ihnen wertvolle Informationen \u00fcber die Arbeit und Organisation dieser vitalen Einrichtungen geben:<\/p>\n\n\n\n<ul class=\"wp-block-list\">\n<li>Der <strong><a href=\"http:\/\/fachverband-leitstellen.de\/\">Fachverband Leitstellen e.V.<\/a><\/strong> stellt das bedeutendste Netzwerk dar, das den \u00fcberregionalen Austausch zwischen den Leitstellen f\u00f6rdert und an der Entwicklung und Bewertung von Konzepten zur Leitstellenorganisation sowie an wissenschaftlichen Arbeiten beteiligt ist.<\/li>\n\n\n\n<li><\/li>\n\n\n\n<li>Auf der Webseite <a href=\"http:\/\/www.feuerwehr-nrw.de\">www.feuerwehr-nrw.de<\/a> finden Sie eine umfangreiche Sammlung an Informationen zu Rettungsleitstellen in ganz Deutschland, sortiert nach Bundesl\u00e4ndern.<\/li>\n<\/ul>\n\n\n\n<p>Indem die Ressource &#8222;Rettungsleitstelle&#8220; effektiv gestaltet wird, kann die Entwicklung innerhalb des Rettungsdienstes nachhaltig verbessert werden, was letztendlich zu einer effektiveren Notfallversorgung beitr\u00e4gt.<\/p>\n\n\n\n<p><\/p>\n","protected":false},"excerpt":{"rendered":"<p>Rettungsleitstellen sind ein entscheidendes Glied in der Rettungskette. Sie fungieren als Schnittstelle zwischen den Notfallmeldungen der Bev\u00f6lkerung und den Einsatzkr\u00e4ften. Die Effizienz, Schnelligkeit und Qualit\u00e4t der Rettungsleitstellen sind f\u00fcr die erfolgreiche Abwicklung von Rettungsdiensteins\u00e4tzen von entscheidender Bedeutung. Im Folgenden m\u00f6chte ich Ihnen wichtige Ressourcen aufzeigen, die Ihnen wertvolle Informationen \u00fcber die Arbeit und Organisation dieser<\/p><\/div>\n<div class=\"blog-btn\"><a href=\"https:\/\/m-pet.de\/?page_id=1164\" class=\"home-blog-btn\">Weiterlesen<\/a><\/p>\n","protected":false},"author":1,"featured_media":0,"parent":0,"menu_order":28,"comment_status":"closed","ping_status":"closed","template":"","meta":{"footnotes":""},"class_list":["post-1164","page","type-page","status-publish","hentry"],"_links":{"self":[{"href":"https:\/\/m-pet.de\/index.php?rest_route=\/wp\/v2\/pages\/1164","targetHints":{"allow":["GET"]}}],"collection":[{"href":"https:\/\/m-pet.de\/index.php?rest_route=\/wp\/v2\/pages"}],"about":[{"href":"https:\/\/m-pet.de\/index.php?rest_route=\/wp\/v2\/types\/page"}],"author":[{"embeddable":true,"href":"https:\/\/m-pet.de\/index.php?rest_route=\/wp\/v2\/users\/1"}],"replies":[{"embeddable":true,"href":"https:\/\/m-pet.de\/index.php?rest_route=%2Fwp%2Fv2%2Fcomments&post=1164"}],"version-history":[{"count":0,"href":"https:\/\/m-pet.de\/index.php?rest_route=\/wp\/v2\/pages\/1164\/revisions"}],"wp:attachment":[{"href":"https:\/\/m-pet.de\/index.php?rest_route=%2Fwp%2Fv2%2Fmedia&parent=1164"}],"curies":[{"name":"wp","href":"https:\/\/api.w.org\/{rel}","templated":true}]}}