{"id":1008,"date":"2025-03-09T17:00:00","date_gmt":"2025-03-09T16:00:00","guid":{"rendered":"https:\/\/m-pet.de\/?page_id=1008"},"modified":"2025-03-09T19:09:53","modified_gmt":"2025-03-09T18:09:53","slug":"bundeslaender-3","status":"publish","type":"page","link":"https:\/\/m-pet.de\/?page_id=1008","title":{"rendered":"SH, NW, RP,"},"content":{"rendered":"<div class=\"wp-block-image\">\n<figure class=\"aligncenter\"><a href=\"https:\/\/m-pet.de\/wp-content\/uploads\/2018\/10\/ITW-Niedersachsen.jpg\" target=\"_blank\" rel=\"noreferrer noopener\"><img loading=\"lazy\" decoding=\"async\" width=\"300\" height=\"225\" src=\"https:\/\/m-pet.de\/wp-content\/uploads\/2018\/10\/ITW-Niedersachsen-300x225.jpg\" alt=\"\" class=\"wp-image-1014\" srcset=\"https:\/\/m-pet.de\/wp-content\/uploads\/2018\/10\/ITW-Niedersachsen-300x225.jpg 300w, https:\/\/m-pet.de\/wp-content\/uploads\/2018\/10\/ITW-Niedersachsen-768x576.jpg 768w, https:\/\/m-pet.de\/wp-content\/uploads\/2018\/10\/ITW-Niedersachsen-1024x768.jpg 1024w, https:\/\/m-pet.de\/wp-content\/uploads\/2018\/10\/ITW-Niedersachsen-624x468.jpg 624w\" sizes=\"auto, (max-width: 300px) 100vw, 300px\" \/><\/a><figcaption>ITW Niedersachsen (Fahrzeug a.D.)<\/figcaption><\/figure>\n<\/div>\n\n\n<p><strong>Schleswig-Holstein (SH)<\/strong><\/p>\n\n\n\n<ul class=\"wp-block-list\"><li>Rettungsdienst in Schleswig-Holstein (via <a rel=\"noreferrer noopener\" href=\"https:\/\/www.schleswig-holstein.de\/DE\/Landesregierung\/Themen\/GesundheitVerbraucherschutz\/Rettungsdienst\/rettungsdienst.html\" target=\"_blank\">schleswig-holstein.de<\/a>)&nbsp;<\/li><li><a rel=\"noreferrer noopener\" href=\"http:\/\/www.gesetze-rechtsprechung.sh.juris.de\/jportal\/?quelle=jlink&amp;query=RettDG+SH&amp;psml=bsshoprod.psml&amp;max=true&amp;aiz=true\" target=\"_blank\">Schleswig-Holsteinisches Rettungsdienstgesetz (SHRD)<\/a> &nbsp;<\/li><li><a rel=\"noreferrer noopener\" href=\"http:\/\/www.gesetze-rechtsprechung.sh.juris.de\/jportal\/?quelle=jlink&amp;query=RettDGDV+SH&amp;psml=bsshoprod.psml&amp;max=true&amp;aiz=true\" target=\"_blank\">Landesverordnung zur Durchf\u00fchrung des Rettungsdienstgesetzes (DVO-RDG)<\/a>&nbsp;<\/li><li><a rel=\"noreferrer noopener\" href=\"https:\/\/www.skverlag.de\/fileadmin\/files_content\/Gesetze_und_Verordnungen\/Schleswig-Holstein_Algorithmen_fuer_den_Rettungsdienst_2019.pdf\" target=\"_blank\">Empfehlungen f\u00fcr \u00e4rztliches Handeln und Behandlungsleitlinien f\u00fcr das rettungsdienstliche Assistenzpersonal gem. DVO-RDG &nbsp;<\/a><\/li><li><a rel=\"noreferrer noopener\" href=\"https:\/\/www.google.de\/url?sa=t&amp;rct=j&amp;q=&amp;esrc=s&amp;source=web&amp;cd=&amp;cad=rja&amp;uact=8&amp;ved=2ahUKEwjPwsCIn474AhWH7rsIHSL-Bd4QFnoECAUQAQ&amp;url=https%3A%2F%2Fwww.aeksh.de%2Fsystem%2Ffiles%2Fdocuments%2F2015-06_hygienerahmenplan_rettungsdienste_sh.pdf&amp;usg=AOvVaw2RlINjvPcUz8Awq1wci8Rb\" target=\"_blank\">Rahmenhygieneplan f\u00fcr Rettungsdienste<\/a>&nbsp;<\/li><li><a rel=\"noreferrer noopener\" href=\"https:\/\/www.schleswig-holstein.de\/DE\/Fachinhalte\/G\/gesundheitsland\/Focus\/N\/notfallrettung_Themenseite_BOS-Leitstellen.html\" target=\"_blank\">Feuerwehr und Rettungsleitstellen der Kreise und kreisfreien St\u00e4dte in Schleswig-Holstein<\/a>&nbsp;<\/li><li><a aria-label=\"Landtag Schleswig-Holstein (opens in a new tab)\" rel=\"noreferrer noopener\" href=\"http:\/\/www.landtag.ltsh.de\/\" target=\"_blank\">Landtag Schleswig-Holstein<\/a> &#8211; <a rel=\"noreferrer noopener\" aria-label=\"Drucksachen (opens in a new tab)\" href=\"http:\/\/www.landtag.ltsh.de\/parlament\/drucksachen-online\/\" target=\"_blank\">Drucksachen<\/a> &#8211; <a aria-label=\"Informationssystem (opens in a new tab)\" rel=\"noreferrer noopener\" href=\"http:\/\/lissh.lvn.parlanet.de\/shlt\/start.html\" target=\"_blank\">Informationssystem<\/a><\/li><li><a rel=\"noreferrer noopener\" aria-label=\"Gesetz \u00fcber das Leichen-, Bestattungs- und&nbsp;Friedhofswesen des Landes Schleswig-Holstein&nbsp;(Bestattungsgesetz -&nbsp;BestattG)&nbsp; (\u00f6ffnet in neuem Tab)\" href=\"http:\/\/www.gesetze-rechtsprechung.sh.juris.de\/jportal\/?quelle=jlink&amp;query=BestattG+SH&amp;psml=bsshoprod.psml&amp;max=true&amp;aiz=true\" target=\"_blank\">Gesetz \u00fcber das Leichen-, Bestattungs- und&nbsp;Friedhofswesen des Landes Schleswig-Holstein&nbsp;(Bestattungsgesetz &#8211;&nbsp;BestattG)<\/a>&nbsp;<\/li><li><a rel=\"noreferrer noopener\" aria-label=\"Gesetz \u00fcber den Brandschutz und die Hilfeleistungen der Feuerwehren&nbsp;(Brandschutzgesetz -&nbsp;BrSchG)&nbsp; (\u00f6ffnet in neuem Tab)\" href=\"http:\/\/www.gesetze-rechtsprechung.sh.juris.de\/jportal\/?quelle=jlink&amp;query=BrandSchG+SH&amp;psml=bsshoprod.psml&amp;max=true&amp;aiz=true\" target=\"_blank\">Gesetz \u00fcber den Brandschutz und die Hilfeleistungen der Feuerwehren&nbsp;(Brandschutzgesetz &#8211;&nbsp;BrSchG)<\/a>&nbsp;<\/li><li><a rel=\"noreferrer noopener\" aria-label=\"Gesetz \u00fcber den Katastrophenschutz in Schleswig-Holstein (Landeskatastrophenschutzgesetz -&nbsp;LKatSG)&nbsp; (\u00f6ffnet in neuem Tab)\" href=\"http:\/\/www.gesetze-rechtsprechung.sh.juris.de\/jportal\/?quelle=jlink&amp;query=KatSchG+SH&amp;psml=bsshoprod.psml&amp;max=true&amp;aiz=true\" target=\"_blank\">Gesetz \u00fcber den Katastrophenschutz in Schleswig-Holstein (Landeskatastrophenschutzgesetz &#8211;&nbsp;LKatSG)<\/a>&nbsp;<\/li><li><a rel=\"noreferrer noopener\" aria-label=\"Allgemeines Verwaltungsgesetz f\u00fcr das Land Schleswig-Holstein&nbsp;(Landesverwaltungsgesetz - LVwG)&nbsp; (\u00f6ffnet in neuem Tab)\" href=\"http:\/\/www.gesetze-rechtsprechung.sh.juris.de\/jportal\/?quelle=jlink&amp;query=VwG+SH&amp;psml=bsshoprod.psml&amp;max=true&amp;aiz=true\" target=\"_blank\">Allgemeines Verwaltungsgesetz f\u00fcr das Land Schleswig-Holstein&nbsp;(Landesverwaltungsgesetz &#8211; LVwG)<\/a>&nbsp;<\/li><li><a rel=\"noreferrer noopener\" aria-label=\"Gesetz&nbsp;\u00fcber die Organisation der Polizei in Schleswig-Holstein&nbsp;(Polizeiorganisationsgesetz - POG)&nbsp; (\u00f6ffnet in neuem Tab)\" href=\"http:\/\/www.gesetze-rechtsprechung.sh.juris.de\/jportal\/?quelle=jlink&amp;query=PolG+SH&amp;psml=bsshoprod.psml&amp;max=true&amp;aiz=true\" target=\"_blank\">Gesetz&nbsp;\u00fcber die Organisation der Polizei in Schleswig-Holstein&nbsp;(Polizeiorganisationsgesetz &#8211; POG)<\/a>&nbsp;<\/li><\/ul>\n\n\n\n<p><strong>Nordrhein-Westfalen (NW)<\/strong><\/p>\n\n\n\n<ul class=\"wp-block-list\"><li><a rel=\"noreferrer noopener\" href=\"https:\/\/recht.nrw.de\/lmi\/owa\/br_text_anzeigen?v_id=61120160624160758031\" target=\"_blank\">Gesetz \u00fcber den Brandschutz, die Hilfeleistung und den Katastrophenschutz (BHKG)\u00a0<\/a><\/li><li><a rel=\"noreferrer noopener\" href=\"https:\/\/www.mags.nrw\/sites\/default\/files\/asset\/document\/bpr_saa_2021-2022.pdf\" data-type=\"URL\" data-id=\"https:\/\/www.mags.nrw\/sites\/default\/files\/asset\/document\/bpr_saa_2021-2022.pdf\" target=\"_blank\">Handlungsempfehlungen des LV der \u00c4LRD in NRW: Behandlungspfade und Standardarbeitsanweisung im Rettungsdienst 2021-2022.<\/a> <a rel=\"noreferrer noopener\" href=\"https:\/\/www.mags.nrw\/sites\/default\/files\/asset\/document\/bpr_saa_hinweise_0.pdf\" target=\"_blank\">Hinweise des Ministeriums<\/a><\/li><li><a rel=\"noreferrer noopener\" href=\"https:\/\/www.aelrd-nrw.de\/\" target=\"_blank\">Landesverband der \u00c4rztlichen Leiter Rettungsdienst in NRW<\/a> mit einer Vielzahl von weiteren Informationen<\/li><li><a rel=\"noreferrer noopener\" href=\"https:\/\/recht.nrw.de\/lmi\/owa\/br_text_anzeigen?v_id=10000000000000000325\" target=\"_blank\">Gesetz \u00fcber dem Rettungsdienst sowie die Notfallrettung und den Krankentransport durch Unternehmer (Rettungsgesetz NRW &#8211; RettG NRW)<\/a><\/li><li><a rel=\"noreferrer noopener\" href=\"https:\/\/recht.nrw.de\/lmi\/owa\/br_bes_text?anw_nr=1&amp;gld_nr=2&amp;ugl_nr=2129&amp;bes_id=509&amp;menu=1&amp;sg=0&amp;aufgehoben=N&amp;keyword=Rettungsdienst#det0\" target=\"_blank\">Verwaltungsvorschrift f\u00fcr die Erteilung von Ausnahmen gem. \u00a7 4 Abs.5 des Gesetzes \u00fcber den Rettungsdienst sowie die Notfallrettung und den Krankentransport durch Unternehmer<\/a> \u00a0<\/li><li><a rel=\"noreferrer noopener\" href=\"https:\/\/recht.nrw.de\/lmi\/owa\/br_bes_text?anw_nr=1&amp;gld_nr=2&amp;ugl_nr=2134&amp;bes_id=2360&amp;menu=1&amp;sg=0&amp;aufgehoben=N&amp;keyword=Rettungsdienst#det0\" target=\"_blank\">Regelung der Zust\u00e4ndigkeit f\u00fcr den Feuerl\u00f6sch- und Rettungsdienst auf Flugpl\u00e4tzen in NRW<\/a>\u00a0<\/li><li><a rel=\"noreferrer noopener\" href=\"https:\/\/recht.nrw.de\/lmi\/owa\/br_bes_text?anw_nr=1&amp;gld_nr=2&amp;ugl_nr=2135&amp;bes_id=2392&amp;menu=1&amp;sg=0&amp;aufgehoben=N&amp;keyword=Rettungsdienst#det0\" target=\"_blank\">Dienstvorschrift PDV\/DV 810 Fernmeldebetriebsdienst f\u00fcr den Feuerschutz, Katastrophenschutz und Rettungsdienst<\/a><\/li><li><a rel=\"noreferrer noopener\" href=\"https:\/\/recht.nrw.de\/lmi\/owa\/br_bes_text?anw_nr=1&amp;gld_nr=9&amp;ugl_nr=922&amp;bes_id=3061&amp;menu=1&amp;sg=0&amp;aufgehoben=N&amp;keyword=Rettungsdienst#det0\" target=\"_blank\">Ausr\u00fcstung und Verwendung von Kennleuchten f\u00fcr blaues Blinklicht und von Warneinrichtungen mit einer Folge von Kl\u00e4ngen verschiedener Grundfrequenz<\/a><\/li><li><a rel=\"noreferrer noopener\" href=\"https:\/\/recht.nrw.de\/lmi\/owa\/br_bes_text?anw_nr=1&amp;gld_nr=2&amp;ugl_nr=2129&amp;bes_id=7246&amp;menu=1&amp;sg=0&amp;aufgehoben=N&amp;keyword=Rettungsdienst#det0\" target=\"_blank\">Empfehlung des Landesfachbeirates f\u00fcr den Rettungsdienst zur Einbindung von Einrichtungen der organisierten Ersten Hilfe (Nothelfer-Systeme) in NRW<\/a>\u00a0<\/li><li><a rel=\"noreferrer noopener\" href=\"https:\/\/recht.nrw.de\/lmi\/owa\/br_bes_text?anw_nr=1&amp;gld_nr=2&amp;ugl_nr=2151&amp;bes_id=8348&amp;menu=1&amp;sg=0&amp;aufgehoben=N&amp;keyword=Rettungsdienst#det0\" target=\"_blank\">Einf\u00fchrung einer einheitlichen Patientenanh\u00e4ngekarte\/-tasche im Rettungsdienst und bei Gro\u00dfschadensereignissen<\/a><\/li><li><a rel=\"noreferrer noopener\" href=\"https:\/\/recht.nrw.de\/lmi\/owa\/br_bes_text?anw_nr=1&amp;gld_nr=2&amp;ugl_nr=2129&amp;bes_id=9924&amp;menu=1&amp;sg=0&amp;aufgehoben=N&amp;keyword=Rettungsdienst#det0\" target=\"_blank\">Regelung zum Einsatz von Luftfahrzeugen im Rettungsdienst<\/a>\u00a0<\/li><li><a rel=\"noreferrer noopener\" href=\"https:\/\/recht.nrw.de\/lmi\/owa\/br_bes_text?anw_nr=1&amp;gld_nr=2&amp;ugl_nr=2129&amp;bes_id=34747&amp;menu=1&amp;sg=0&amp;aufgehoben=N&amp;keyword=Rettungsdienst#det0\" target=\"_blank\">Landesfachbeirat f\u00fcr den Rettungsdienst in NRW<\/a>\u00a0<\/li><li><a rel=\"noreferrer noopener\" href=\"https:\/\/recht.nrw.de\/lmi\/owa\/br_bes_text?anw_nr=1&amp;gld_nr=2&amp;ugl_nr=2129&amp;bes_id=38385&amp;menu=1&amp;sg=0&amp;aufgehoben=N&amp;keyword=Rettungsdienst#det0\" target=\"_blank\">Zulassung und Normung von Fahrzeugen des Rettungsdienstes sowie deren Farbgestaltung\u00a0<\/a><\/li><li><a rel=\"noreferrer noopener\" href=\"https:\/\/www.mags.nrw\/rettungswesen\" target=\"_blank\">Ministerium f\u00fcr Arbeit, Gesundheit und Soziales des Landes Nordrhein-Westfalen<\/a> mit einer Reihe von weiterf\u00fchrenden Links\u00a0<\/li><li><a aria-label=\"Landtag Nordrhein-Westfalen (opens in a new tab)\" rel=\"noreferrer noopener\" href=\"https:\/\/www.landtag.nrw.de\/portal\/WWW\/home.jsp\" target=\"_blank\">Landtag Nordrhein-Westfalen<\/a> &#8211; <a rel=\"noreferrer noopener\" aria-label=\"Drucksachen (opens in a new tab)\" href=\"https:\/\/www.landtag.nrw.de\/portal\/WWW\/Navigation_R2010\/040-Dokumente-und-Recherche\/Inhalt.jsp\" target=\"_blank\">Drucksachen<\/a><\/li><li><a rel=\"noreferrer noopener\" aria-label=\"Polizei Vorschriften in NRW (\u00f6ffnet in neuem Tab)\" href=\"https:\/\/recht.nrw.de\/lmi\/owa\/br_validate_suche?begriff=polizei&amp;sg=0&amp;menu=1&amp;x=20&amp;y=13\" target=\"_blank\">Polizei Gesetze und Vorschriften in NRW<\/a><\/li><li><a rel=\"noreferrer noopener\" aria-label=\"Hilfeleistung - Gesetze und Verordnungen in NRW (\u00f6ffnet in neuem Tab)\" href=\"https:\/\/recht.nrw.de\/lmi\/owa\/br_validate_suche?begriff=Hilfe&amp;sg=0&amp;menu=1&amp;x=15&amp;y=14\" target=\"_blank\">Hilfeleistung &#8211; Gesetze und Verordnungen in NRW<\/a><\/li><\/ul>\n\n\n\n<p><strong>Rheinland-Pfalz (RP)<\/strong><\/p>\n\n\n\n<ul class=\"wp-block-list\"><li><a href=\"https:\/\/mdi.rlp.de\/ar\/unsere-themen\/sicherheit\/rettungsdienst\/organisation-des-rettungsdienstes\/\" target=\"_blank\" rel=\"noreferrer noopener\">Ministerium des Inneren und f\u00fcr Sport<\/a> \u00a0<\/li><li><a rel=\"noreferrer noopener\" href=\"https:\/\/mdi.rlp.de\/fileadmin\/isim\/Unsere_Themen\/Sicherheit\/Rettungsdienst\/Dokumente\/2473-Landesrettungsdienstplan.pdf\" target=\"_blank\">Rettungsdienst Landesrettungsdienstplan Rheinland-Pfalz (LRettDP)<\/a><\/li><li><a rel=\"noreferrer noopener\" href=\"https:\/\/mdi.rlp.de\/fileadmin\/isim\/Unsere_Themen\/Sicherheit\/Rettungsdienst\/Dokumente\/2473-Karte_Rettungsdienst_2016.pdf\" target=\"_blank\">Karte Rettungsdienst Rheinland-Pfalz<\/a> \u00a0<\/li><li><a rel=\"noreferrer noopener\" href=\"http:\/\/landesrecht.rlp.de\/jportal\/portal\/t\/f8d\/page\/bsrlpprod.psml?doc.hl=1&amp;doc.id=jlr-RettDGRPV6P22&amp;documentnumber=4&amp;numberofresults=56&amp;doctyp=Norm&amp;showdoccase=1&amp;doc.part=X&amp;paramfromHL=true#focuspoint\" target=\"_blank\">Landesgesetz \u00fcber den Rettungsdienst sowie den Notfall- und Krankentransport (RettDG)<\/a><\/li><li><a aria-label=\"Landtag Rheinland-Pfalz (opens in a new tab)\" rel=\"noreferrer noopener\" href=\"https:\/\/www.landtag.rlp.de\/Startseite\/\" target=\"_blank\">Landtag Rheinland-Pfalz<\/a> &#8211; <a rel=\"noreferrer noopener\" aria-label=\"Drucksachen (opens in a new tab)\" href=\"http:\/\/opal.rlp.de\/starweb\/OPAL_extern\/index.htm\" target=\"_blank\">Drucksachen<\/a><\/li><li><a rel=\"noreferrer noopener\" aria-label=\"Polizei- und Ordnungsbeh\u00f6rdengesetz\u00a0(POG) (\u00f6ffnet in neuem Tab)\" href=\"http:\/\/landesrecht.rlp.de\/jportal\/portal\/t\/1af4\/page\/bsrlpprod.psml?pid=Dokumentanzeige&amp;showdoccase=1&amp;js_peid=Trefferliste&amp;documentnumber=1&amp;numberofresults=130&amp;fromdoctodoc=yes&amp;doc.id=jlr-PolGRPrahmen&amp;doc.part=X&amp;doc.price=0.0&amp;doc.hl=1#focuspoint\" target=\"_blank\">Polizei- und Ordnungsbeh\u00f6rdengesetz\u00a0(POG)<\/a>\u00a0<\/li><li><a rel=\"noreferrer noopener\" aria-label=\" (\u00f6ffnet in neuem Tab)\" href=\"http:\/\/landesrecht.rlp.de\/jportal\/portal\/t\/1al7\/page\/bsrlpprod.psml?pid=Dokumentanzeige&amp;showdoccase=1&amp;js_peid=Trefferliste&amp;documentnumber=4&amp;numberofresults=168&amp;fromdoctodoc=yes&amp;doc.id=jlr-Brand_KatSchGRPrahmen&amp;doc.part=X&amp;doc.price=0.0&amp;doc.hl=1#focuspoint\" target=\"_blank\">Landesgesetz \u00fcber den Brandschutz, die allgemeine Hilfe und den Katastrophenschutz\u00a0 (Brand- und Katastrophenschutzgesetz &#8211; LBKG)<\/a>\u00a0<\/li><\/ul>\n","protected":false},"excerpt":{"rendered":"<p>Schleswig-Holstein (SH) Rettungsdienst in Schleswig-Holstein (via schleswig-holstein.de)&nbsp; Schleswig-Holsteinisches Rettungsdienstgesetz (SHRD) &nbsp; Landesverordnung zur Durchf\u00fchrung des Rettungsdienstgesetzes (DVO-RDG)&nbsp; Empfehlungen f\u00fcr \u00e4rztliches Handeln und Behandlungsleitlinien f\u00fcr das rettungsdienstliche Assistenzpersonal gem. DVO-RDG &nbsp; Rahmenhygieneplan f\u00fcr Rettungsdienste&nbsp; Feuerwehr und Rettungsleitstellen der Kreise und kreisfreien St\u00e4dte in Schleswig-Holstein&nbsp; Landtag Schleswig-Holstein &#8211; Drucksachen &#8211; Informationssystem Gesetz \u00fcber das Leichen-, Bestattungs- und&nbsp;Friedhofswesen<\/p><\/div>\n<div class=\"blog-btn\"><a href=\"https:\/\/m-pet.de\/?page_id=1008\" class=\"home-blog-btn\">Weiterlesen<\/a><\/p>\n","protected":false},"author":1,"featured_media":0,"parent":0,"menu_order":29,"comment_status":"closed","ping_status":"closed","template":"","meta":{"footnotes":""},"class_list":["post-1008","page","type-page","status-publish","hentry"],"_links":{"self":[{"href":"https:\/\/m-pet.de\/index.php?rest_route=\/wp\/v2\/pages\/1008","targetHints":{"allow":["GET"]}}],"collection":[{"href":"https:\/\/m-pet.de\/index.php?rest_route=\/wp\/v2\/pages"}],"about":[{"href":"https:\/\/m-pet.de\/index.php?rest_route=\/wp\/v2\/types\/page"}],"author":[{"embeddable":true,"href":"https:\/\/m-pet.de\/index.php?rest_route=\/wp\/v2\/users\/1"}],"replies":[{"embeddable":true,"href":"https:\/\/m-pet.de\/index.php?rest_route=%2Fwp%2Fv2%2Fcomments&post=1008"}],"version-history":[{"count":0,"href":"https:\/\/m-pet.de\/index.php?rest_route=\/wp\/v2\/pages\/1008\/revisions"}],"wp:attachment":[{"href":"https:\/\/m-pet.de\/index.php?rest_route=%2Fwp%2Fv2%2Fmedia&parent=1008"}],"curies":[{"name":"wp","href":"https:\/\/api.w.org\/{rel}","templated":true}]}}